{"id":1039,"date":"2021-06-20T18:20:50","date_gmt":"2021-06-20T16:20:50","guid":{"rendered":"https:\/\/acuradon.de\/?page_id=1039"},"modified":"2021-08-19T23:32:06","modified_gmt":"2021-08-19T21:32:06","slug":"angebote-zur-radon-schmerztherapie","status":"publish","type":"page","link":"https:\/\/acuradon.de\/en\/angebote-zur-radon-schmerztherapie\/","title":{"rendered":"Offers for the Radon-pain therapy"},"content":{"rendered":"<div data-elementor-type=\"wp-page\" data-elementor-id=\"1039\" class=\"elementor elementor-1039\" data-elementor-post-type=\"page\">\n\t\t\t\t\t\t<section class=\"elementor-section elementor-top-section elementor-element elementor-element-2c2669f6 elementor-section-height-min-height elementor-section-boxed elementor-section-height-default elementor-section-items-middle wd-section-disabled\" data-id=\"2c2669f6\" data-element_type=\"section\" data-settings=\"{&quot;background_background&quot;:&quot;classic&quot;}\">\n\t\t\t\t\t\t\t<div class=\"elementor-background-overlay\"><\/div>\n\t\t\t\t\t\t\t<div class=\"elementor-container elementor-column-gap-wider\">\n\t\t\t\t\t<div class=\"elementor-column elementor-col-100 elementor-top-column elementor-element elementor-element-2b23f2b0\" data-id=\"2b23f2b0\" data-element_type=\"column\">\n\t\t\t<div class=\"elementor-widget-wrap elementor-element-populated\">\n\t\t\t\t\t\t<div class=\"elementor-element elementor-element-c2b585c elementor-widget__width-auto de_scroll_animation_no elementor-widget elementor-widget-de-breadcrumb\" data-id=\"c2b585c\" data-element_type=\"widget\" data-widget_type=\"de-breadcrumb.default\">\n\t\t\t\t<div class=\"elementor-widget-container\">\n\t\t\t\t\t\t\t\t<div class=\"breadcrumbs\">\n\t\t\t\t<a href=\"https:\/\/acuradon.de\/en\" rel=\"nofollow\">Home<\/a>\t\t\t<\/div>\n\t\t\t\t\t\t<\/div>\n\t\t\t\t<\/div>\n\t\t\t\t\t<\/div>\n\t\t<\/div>\n\t\t\t\t\t<\/div>\n\t\t<\/section>\n\t\t\t\t<section class=\"elementor-section elementor-top-section elementor-element elementor-element-4a91394a elementor-section-boxed elementor-section-height-default elementor-section-height-default wd-section-disabled\" data-id=\"4a91394a\" data-element_type=\"section\">\n\t\t\t\t\t\t<div class=\"elementor-container elementor-column-gap-wider\">\n\t\t\t\t\t<div class=\"elementor-column elementor-col-33 elementor-top-column elementor-element elementor-element-17cecb23\" data-id=\"17cecb23\" data-element_type=\"column\">\n\t\t\t<div class=\"elementor-widget-wrap elementor-element-populated\">\n\t\t\t\t\t\t\t<link rel=\"stylesheet\" id=\"wd-int-el-animations-css\" href=\"https:\/\/acuradon.de\/wp-content\/themes\/woodmart\/css\/parts\/int-elem-el-animations.min.css?ver=7.2.4\" type=\"text\/css\" media=\"all\" \/> \t\t\t\t\t<div class=\"elementor-element elementor-element-69a0d6cb de_scroll_animation_no elementor-invisible elementor-widget elementor-widget-heading\" data-id=\"69a0d6cb\" data-element_type=\"widget\" data-settings=\"{&quot;_animation&quot;:&quot;fadeInUp&quot;,&quot;_animation_delay&quot;:600}\" data-widget_type=\"heading.default\">\n\t\t\t\t<div class=\"elementor-widget-container\">\n\t\t\t\t\t<h1 class=\"elementor-heading-title elementor-size-default\">Offers <br>Radon Pain Therapy<\/h1>\t\t\t\t<\/div>\n\t\t\t\t<\/div>\n\t\t\t\t<div class=\"elementor-element elementor-element-c2b7398 color-scheme-inherit text-left de_scroll_animation_no elementor-widget elementor-widget-text-editor\" data-id=\"c2b7398\" data-element_type=\"widget\" data-widget_type=\"text-editor.default\">\n\t\t\t\t<div class=\"elementor-widget-container\">\n\t\t\t\t\t\t\t\t\t<p>The Radon-treatment of pain, you can perceive it in different Ways and according to your personal preferences and organizational conditions to decide:<\/p><h5><span style=\"color: #236192;\">Standalone, outpatient pain therapy<\/span><\/h5><p>The radon inhalation can be perceived as a stand-alone therapy. For people from the Region, thanks to its uncomplicated implementation if you arrive up to an hour easily perceived. For professionals practical evening and weekend appointments are available and also in a longer (holiday)stay, the therapy is easy to integrate. Read here <a href=\"https:\/\/acuradon.de\/en\/radon-schmerztherapie-ambulant\/\" target=\"_blank\" rel=\"noopener\">more...<\/a><\/p><h5><span style=\"color: #236192;\">Radon-pain therapy in the outpatient Spa<\/span><\/h5><p>The Spa town of Bad Kreuznach is ideal for outpatient Spa or a private health holidays. The combination of Brine, radon therapy and many other treatments, has a long Tradition, and has been outspoken in popularity. More information on the Radon-pain therapy in the context of a therapy period, see <a href=\"https:\/\/acuradon.de\/en\/radontherapie-als-kuranwendung\/\" target=\"_blank\" rel=\"noopener\">here...<\/a><\/p><h5><span style=\"color: #236192;\">Pain therapy during rehabilitation<\/span><\/h5><p>Radon therapy is an excellent complement to rehabilitation measures in the area of Bad Kreuznach. Especially by the existing expertise in the area of rheumatic, autoimmune diseases, and orthopedics radon therapy for pain relief a useful addition <a href=\"https:\/\/acuradon.de\/en\/radontherapie-reha\/\" target=\"_blank\" rel=\"noopener\">is...<\/a><\/p><div><p>All the important information about the process and the effect of the pain therapy with Radon you will find in the area <a title=\"blocked::https:\/\/acuradon.de\/radontherapie\/\" href=\"https:\/\/acuradon.de\/en\/radontherapie\/\" target=\"_blank\" rel=\"noopener\"><span title=\"blocked::https:\/\/acuradon.de\/radontherapie\/\">Radon therapy<\/span><\/a>.<\/p><\/div>\t\t\t\t\t\t\t\t<\/div>\n\t\t\t\t<\/div>\n\t\t\t\t\t<\/div>\n\t\t<\/div>\n\t\t\t\t<div class=\"elementor-column elementor-col-33 elementor-top-column elementor-element elementor-element-432c6d95\" data-id=\"432c6d95\" data-element_type=\"column\">\n\t\t\t<div class=\"elementor-widget-wrap\">\n\t\t\t\t\t\t\t<\/div>\n\t\t<\/div>\n\t\t\t\t<div class=\"elementor-column elementor-col-33 elementor-top-column elementor-element elementor-element-3f457225\" data-id=\"3f457225\" data-element_type=\"column\">\n\t\t\t<div class=\"elementor-widget-wrap elementor-element-populated\">\n\t\t\t\t\t\t<div class=\"elementor-element elementor-element-a50265e de_scroll_animation_no elementor-widget elementor-widget-heading\" data-id=\"a50265e\" data-element_type=\"widget\" data-widget_type=\"heading.default\">\n\t\t\t\t<div class=\"elementor-widget-container\">\n\t\t\t\t\t<h6 class=\"elementor-heading-title elementor-size-default\">So it goes<\/h6>\t\t\t\t<\/div>\n\t\t\t\t<\/div>\n\t\t\t\t<div class=\"elementor-element elementor-element-7a3802b1 de_scroll_animation_no elementor-widget elementor-widget-video\" data-id=\"7a3802b1\" data-element_type=\"widget\" data-settings=\"{&quot;youtube_url&quot;:&quot;https:\\\/\\\/www.youtube.com\\\/watch?v=KvvowMEfTwg&amp;t=1s&quot;,&quot;video_type&quot;:&quot;youtube&quot;,&quot;controls&quot;:&quot;yes&quot;}\" data-widget_type=\"video.default\">\n\t\t\t\t<div class=\"elementor-widget-container\">\n\t\t\t\t\t\t\t<div class=\"elementor-wrapper elementor-open-inline\">\n\t\t\t<div class=\"elementor-video\"><\/div>\t\t<\/div>\n\t\t\t\t\t\t<\/div>\n\t\t\t\t<\/div>\n\t\t\t\t<div class=\"elementor-element elementor-element-45b8c0ad de_scroll_animation_no elementor-widget elementor-widget-heading\" data-id=\"45b8c0ad\" data-element_type=\"widget\" data-widget_type=\"heading.default\">\n\t\t\t\t<div class=\"elementor-widget-container\">\n\t\t\t\t\t<h6 class=\"elementor-heading-title elementor-size-default\">Patients report<\/h6>\t\t\t\t<\/div>\n\t\t\t\t<\/div>\n\t\t\t\t<div class=\"elementor-element elementor-element-3cb494da de_scroll_animation_no elementor-widget elementor-widget-testimonial\" data-id=\"3cb494da\" data-element_type=\"widget\" data-widget_type=\"testimonial.default\">\n\t\t\t\t<div class=\"elementor-widget-container\">\n\t\t\t\t\t\t\t<div class=\"elementor-testimonial-wrapper\">\n\t\t\t\t\t\t\t<div class=\"elementor-testimonial-content\">I&#039;ve achieved in the case of osteoarthritis and soft tissue rheumatism good success, I can move much better, have no pain, I need no pain reliever and more, and the Operation is also.<\/div>\n\t\t\t\n\t\t\t\t\t\t<div class=\"elementor-testimonial-meta elementor-has-image elementor-testimonial-image-position-aside\">\n\t\t\t\t<div class=\"elementor-testimonial-meta-inner\">\n\t\t\t\t\t\t\t\t\t\t\t<div class=\"elementor-testimonial-image\">\n\t\t\t\t\t\t\t<img decoding=\"async\" src=\"https:\/\/acuradon.de\/wp-content\/plugins\/elementor\/assets\/images\/placeholder.png\" title=\"\" alt=\"\" loading=\"lazy\" \/>\t\t\t\t\t\t<\/div>\n\t\t\t\t\t\n\t\t\t\t\t\t\t\t\t\t<div class=\"elementor-testimonial-details\">\n\t\t\t\t\t\t\t\t\t\t\t\t\t\t<div class=\"elementor-testimonial-name\">Christine Pelz<\/div>\n\t\t\t\t\t\t\t\t\t\t\t\t\t\t\t\t\t\t\t\t\t\t<div class=\"elementor-testimonial-job\">in the SWR television interview on 29.09.2019<\/div>\n\t\t\t\t\t\t\t\t\t\t\t\t\t<\/div>\n\t\t\t\t\t\t\t\t\t<\/div>\n\t\t\t<\/div>\n\t\t\t\t\t<\/div>\n\t\t\t\t\t\t<\/div>\n\t\t\t\t<\/div>\n\t\t\t\t\t<\/div>\n\t\t<\/div>\n\t\t\t\t\t<\/div>\n\t\t<\/section>\n\t\t\t\t<section class=\"elementor-section elementor-top-section elementor-element elementor-element-1dd7fc26 elementor-section-content-middle elementor-section-boxed elementor-section-height-default elementor-section-height-default wd-section-disabled\" data-id=\"1dd7fc26\" data-element_type=\"section\" data-settings=\"{&quot;background_background&quot;:&quot;classic&quot;}\">\n\t\t\t\t\t\t\t<div class=\"elementor-background-overlay\"><\/div>\n\t\t\t\t\t\t\t<div class=\"elementor-container elementor-column-gap-wider\">\n\t\t\t\t\t<div class=\"elementor-column elementor-col-33 elementor-top-column elementor-element elementor-element-4c0a2232\" data-id=\"4c0a2232\" data-element_type=\"column\">\n\t\t\t<div class=\"elementor-widget-wrap\">\n\t\t\t\t\t\t\t<\/div>\n\t\t<\/div>\n\t\t\t\t<div class=\"elementor-column elementor-col-33 elementor-top-column elementor-element elementor-element-73713e56\" data-id=\"73713e56\" data-element_type=\"column\" data-settings=\"{&quot;background_background&quot;:&quot;classic&quot;}\">\n\t\t\t<div class=\"elementor-widget-wrap elementor-element-populated\">\n\t\t\t\t\t\t<div class=\"elementor-element elementor-element-4939c13e elementor-widget__width-auto de_scroll_animation_no elementor-widget elementor-widget-heading\" data-id=\"4939c13e\" data-element_type=\"widget\" data-widget_type=\"heading.default\">\n\t\t\t\t<div class=\"elementor-widget-container\">\n\t\t\t\t\t<div class=\"elementor-heading-title elementor-size-default\">Pain therapy in Germany's only radon healing tunnel<\/div>\t\t\t\t<\/div>\n\t\t\t\t<\/div>\n\t\t\t\t<div class=\"elementor-element elementor-element-70e1b740 de_scroll_animation_no elementor-invisible elementor-widget elementor-widget-heading\" data-id=\"70e1b740\" data-element_type=\"widget\" data-settings=\"{&quot;_animation&quot;:&quot;fadeInUp&quot;}\" data-widget_type=\"heading.default\">\n\t\t\t\t<div class=\"elementor-widget-container\">\n\t\t\t\t\t<h2 class=\"elementor-heading-title elementor-size-default\">Finally Pain-Free, <br>\nthis is possible!<\/h2>\t\t\t\t<\/div>\n\t\t\t\t<\/div>\n\t\t\t\t<div class=\"elementor-element elementor-element-e6413d1 color-scheme-inherit text-left de_scroll_animation_no elementor-widget elementor-widget-text-editor\" data-id=\"e6413d1\" data-element_type=\"widget\" data-widget_type=\"text-editor.default\">\n\t\t\t\t<div class=\"elementor-widget-container\">\n\t\t\t\t\t\t\t\t\tFor over 100 years\t\t\t\t\t\t\t\t<\/div>\n\t\t\t\t<\/div>\n\t\t\t\t<div class=\"elementor-element elementor-element-484e93a1 elementor-align-center de_scroll_animation_no elementor-widget elementor-widget-button\" data-id=\"484e93a1\" data-element_type=\"widget\" data-widget_type=\"button.default\">\n\t\t\t\t<div class=\"elementor-widget-container\">\n\t\t\t\t\t\t\t\t\t<div class=\"elementor-button-wrapper\">\n\t\t\t\t\t<a class=\"elementor-button elementor-button-link elementor-size-md\" href=\"https:\/\/acuradon.de\/en\/ihr-weg-in-den-acuradon-radonstollen\/\">\n\t\t\t\t\t\t<span class=\"elementor-button-content-wrapper\">\n\t\t\t\t\t\t\t\t\t<span class=\"elementor-button-text\">More Information<\/span>\n\t\t\t\t\t<\/span>\n\t\t\t\t\t<\/a>\n\t\t\t\t<\/div>\n\t\t\t\t\t\t\t\t<\/div>\n\t\t\t\t<\/div>\n\t\t\t\t\t<\/div>\n\t\t<\/div>\n\t\t\t\t<div class=\"elementor-column elementor-col-33 elementor-top-column elementor-element elementor-element-1f4e20bf\" data-id=\"1f4e20bf\" data-element_type=\"column\">\n\t\t\t<div class=\"elementor-widget-wrap\">\n\t\t\t\t\t\t\t<\/div>\n\t\t<\/div>\n\t\t\t\t\t<\/div>\n\t\t<\/section>\n\t\t\t\t<section class=\"elementor-section elementor-top-section elementor-element elementor-element-6b58663a elementor-section-boxed elementor-section-height-default elementor-section-height-default wd-section-disabled\" data-id=\"6b58663a\" data-element_type=\"section\">\n\t\t\t\t\t\t<div class=\"elementor-container elementor-column-gap-wider\">\n\t\t\t\t\t<div class=\"elementor-column elementor-col-100 elementor-top-column elementor-element elementor-element-358308f2\" data-id=\"358308f2\" data-element_type=\"column\">\n\t\t\t<div class=\"elementor-widget-wrap\">\n\t\t\t\t\t\t\t<\/div>\n\t\t<\/div>\n\t\t\t\t\t<\/div>\n\t\t<\/section>\n\t\t\t\t<\/div>","protected":false},"excerpt":{"rendered":"<p>Home Angebote zur Radon-Schmerztherapie Die Radon-Schmerztherapie k\u00f6nnen Sie auf verschiedenen Wegen wahrnehmen und sich dabei ganz nach ihren pers\u00f6nlichen Pr\u00e4ferenzen<\/p>","protected":false},"author":1,"featured_media":0,"parent":0,"menu_order":0,"comment_status":"closed","ping_status":"closed","template":"","meta":{"content-type":"","footnotes":""},"class_list":["post-1039","page","type-page","status-publish","hentry"],"yoast_head":"<!-- This site is optimized with the Yoast SEO plugin v24.4 - https:\/\/yoast.com\/wordpress\/plugins\/seo\/ -->\n<title>Angebote zur Radon-Schmerztherapie - Acuradon<\/title>\n<meta name=\"description\" content=\"curadon bietet im Radonstollen eine effektive, barrierefreie Alternative zur Schmerztherapie an, die ohne k\u00f6rperliche Belastung und hohe Temperaturen wirkt\" \/>\n<meta name=\"robots\" content=\"index, follow, max-snippet:-1, max-image-preview:large, max-video-preview:-1\" \/>\n<link rel=\"canonical\" href=\"https:\/\/acuradon.de\/en\/angebote-zur-radon-schmerztherapie\/\" \/>\n<meta property=\"og:locale\" content=\"en_GB\" \/>\n<meta property=\"og:type\" content=\"article\" \/>\n<meta property=\"og:title\" content=\"Angebote zur Radon-Schmerztherapie - Acuradon\" \/>\n<meta property=\"og:description\" content=\"curadon bietet im Radonstollen eine effektive, barrierefreie Alternative zur Schmerztherapie an, die ohne k\u00f6rperliche Belastung und hohe Temperaturen wirkt\" \/>\n<meta property=\"og:url\" content=\"https:\/\/acuradon.de\/en\/angebote-zur-radon-schmerztherapie\/\" \/>\n<meta property=\"og:site_name\" content=\"ACURADON Heilstollen\" \/>\n<meta property=\"article:publisher\" content=\"https:\/\/www.facebook.com\/radonstollen\" \/>\n<meta property=\"article:modified_time\" content=\"2021-08-19T21:32:06+00:00\" \/>\n<meta property=\"og:image\" content=\"https:\/\/acuradon.de\/wp-content\/plugins\/elementor\/assets\/images\/placeholder.png\" \/>\n<meta name=\"twitter:card\" content=\"summary_large_image\" \/>\n<meta name=\"twitter:site\" content=\"@ACURADON\" \/>\n<meta name=\"twitter:label1\" content=\"Estimated reading time\" \/>\n\t<meta name=\"twitter:data1\" content=\"2 minutes\" \/>\n<script type=\"application\/ld+json\" class=\"yoast-schema-graph\">{\"@context\":\"https:\/\/schema.org\",\"@graph\":[{\"@type\":\"WebPage\",\"@id\":\"https:\/\/acuradon.de\/angebote-zur-radon-schmerztherapie\/\",\"url\":\"https:\/\/acuradon.de\/angebote-zur-radon-schmerztherapie\/\",\"name\":\"Angebote zur Radon-Schmerztherapie - Acuradon\",\"isPartOf\":{\"@id\":\"https:\/\/acuradon.de\/#website\"},\"primaryImageOfPage\":{\"@id\":\"https:\/\/acuradon.de\/angebote-zur-radon-schmerztherapie\/#primaryimage\"},\"image\":{\"@id\":\"https:\/\/acuradon.de\/angebote-zur-radon-schmerztherapie\/#primaryimage\"},\"thumbnailUrl\":\"https:\/\/acuradon.de\/wp-content\/plugins\/elementor\/assets\/images\/placeholder.png\",\"datePublished\":\"2021-06-20T16:20:50+00:00\",\"dateModified\":\"2021-08-19T21:32:06+00:00\",\"description\":\"curadon bietet im Radonstollen eine effektive, barrierefreie Alternative zur Schmerztherapie an, die ohne k\u00f6rperliche Belastung und hohe Temperaturen wirkt\",\"inLanguage\":\"en-GB\",\"potentialAction\":[{\"@type\":\"ReadAction\",\"target\":[\"https:\/\/acuradon.de\/angebote-zur-radon-schmerztherapie\/\"]}]},{\"@type\":\"ImageObject\",\"inLanguage\":\"en-GB\",\"@id\":\"https:\/\/acuradon.de\/angebote-zur-radon-schmerztherapie\/#primaryimage\",\"url\":\"https:\/\/acuradon.de\/wp-content\/plugins\/elementor\/assets\/images\/placeholder.png\",\"contentUrl\":\"https:\/\/acuradon.de\/wp-content\/plugins\/elementor\/assets\/images\/placeholder.png\"},{\"@type\":\"WebSite\",\"@id\":\"https:\/\/acuradon.de\/#website\",\"url\":\"https:\/\/acuradon.de\/\",\"name\":\"ACURADON Heilstollen\",\"description\":\"\",\"potentialAction\":[{\"@type\":\"SearchAction\",\"target\":{\"@type\":\"EntryPoint\",\"urlTemplate\":\"https:\/\/acuradon.de\/?s={search_term_string}\"},\"query-input\":{\"@type\":\"PropertyValueSpecification\",\"valueRequired\":true,\"valueName\":\"search_term_string\"}}],\"inLanguage\":\"en-GB\"}]}<\/script>\n<!-- \/ Yoast SEO plugin. -->","yoast_head_json":{"title":"Angebote zur Radon-Schmerztherapie - Acuradon","description":"curadon bietet im Radonstollen eine effektive, barrierefreie Alternative zur Schmerztherapie an, die ohne k\u00f6rperliche Belastung und hohe Temperaturen wirkt","robots":{"index":"index","follow":"follow","max-snippet":"max-snippet:-1","max-image-preview":"max-image-preview:large","max-video-preview":"max-video-preview:-1"},"canonical":"https:\/\/acuradon.de\/en\/angebote-zur-radon-schmerztherapie\/","og_locale":"en_GB","og_type":"article","og_title":"Angebote zur Radon-Schmerztherapie - Acuradon","og_description":"curadon bietet im Radonstollen eine effektive, barrierefreie Alternative zur Schmerztherapie an, die ohne k\u00f6rperliche Belastung und hohe Temperaturen wirkt","og_url":"https:\/\/acuradon.de\/en\/angebote-zur-radon-schmerztherapie\/","og_site_name":"ACURADON Heilstollen","article_publisher":"https:\/\/www.facebook.com\/radonstollen","article_modified_time":"2021-08-19T21:32:06+00:00","og_image":[{"url":"https:\/\/acuradon.de\/wp-content\/plugins\/elementor\/assets\/images\/placeholder.png","type":"","width":"","height":""}],"twitter_card":"summary_large_image","twitter_site":"@ACURADON","twitter_misc":{"Estimated reading time":"2 minutes"},"schema":{"@context":"https:\/\/schema.org","@graph":[{"@type":"WebPage","@id":"https:\/\/acuradon.de\/angebote-zur-radon-schmerztherapie\/","url":"https:\/\/acuradon.de\/angebote-zur-radon-schmerztherapie\/","name":"Angebote zur Radon-Schmerztherapie - Acuradon","isPartOf":{"@id":"https:\/\/acuradon.de\/#website"},"primaryImageOfPage":{"@id":"https:\/\/acuradon.de\/angebote-zur-radon-schmerztherapie\/#primaryimage"},"image":{"@id":"https:\/\/acuradon.de\/angebote-zur-radon-schmerztherapie\/#primaryimage"},"thumbnailUrl":"https:\/\/acuradon.de\/wp-content\/plugins\/elementor\/assets\/images\/placeholder.png","datePublished":"2021-06-20T16:20:50+00:00","dateModified":"2021-08-19T21:32:06+00:00","description":"curadon bietet im Radonstollen eine effektive, barrierefreie Alternative zur Schmerztherapie an, die ohne k\u00f6rperliche Belastung und hohe Temperaturen wirkt","inLanguage":"en-GB","potentialAction":[{"@type":"ReadAction","target":["https:\/\/acuradon.de\/angebote-zur-radon-schmerztherapie\/"]}]},{"@type":"ImageObject","inLanguage":"en-GB","@id":"https:\/\/acuradon.de\/angebote-zur-radon-schmerztherapie\/#primaryimage","url":"https:\/\/acuradon.de\/wp-content\/plugins\/elementor\/assets\/images\/placeholder.png","contentUrl":"https:\/\/acuradon.de\/wp-content\/plugins\/elementor\/assets\/images\/placeholder.png"},{"@type":"WebSite","@id":"https:\/\/acuradon.de\/#website","url":"https:\/\/acuradon.de\/","name":"ACURADON Heilstollen","description":"","potentialAction":[{"@type":"SearchAction","target":{"@type":"EntryPoint","urlTemplate":"https:\/\/acuradon.de\/?s={search_term_string}"},"query-input":{"@type":"PropertyValueSpecification","valueRequired":true,"valueName":"search_term_string"}}],"inLanguage":"en-GB"}]}},"_links":{"self":[{"href":"https:\/\/acuradon.de\/en\/wp-json\/wp\/v2\/pages\/1039","targetHints":{"allow":["GET"]}}],"collection":[{"href":"https:\/\/acuradon.de\/en\/wp-json\/wp\/v2\/pages"}],"about":[{"href":"https:\/\/acuradon.de\/en\/wp-json\/wp\/v2\/types\/page"}],"author":[{"embeddable":true,"href":"https:\/\/acuradon.de\/en\/wp-json\/wp\/v2\/users\/1"}],"replies":[{"embeddable":true,"href":"https:\/\/acuradon.de\/en\/wp-json\/wp\/v2\/comments?post=1039"}],"version-history":[{"count":17,"href":"https:\/\/acuradon.de\/en\/wp-json\/wp\/v2\/pages\/1039\/revisions"}],"predecessor-version":[{"id":9622,"href":"https:\/\/acuradon.de\/en\/wp-json\/wp\/v2\/pages\/1039\/revisions\/9622"}],"wp:attachment":[{"href":"https:\/\/acuradon.de\/en\/wp-json\/wp\/v2\/media?parent=1039"}],"curies":[{"name":"wp","href":"https:\/\/api.w.org\/{rel}","templated":true}]}}