{"id":1066,"date":"2021-06-20T19:06:42","date_gmt":"2021-06-20T17:06:42","guid":{"rendered":"https:\/\/acuradon.de\/?page_id=1066"},"modified":"2021-08-19T22:33:27","modified_gmt":"2021-08-19T20:33:27","slug":"radontherapie-reha","status":"publish","type":"page","link":"https:\/\/acuradon.de\/en\/radontherapie-reha\/","title":{"rendered":"Radon Therapy Rehab"},"content":{"rendered":"<div data-elementor-type=\"wp-page\" data-elementor-id=\"1066\" class=\"elementor elementor-1066\" data-elementor-post-type=\"page\">\n\t\t\t\t\t\t<section class=\"elementor-section elementor-top-section elementor-element elementor-element-651c5259 elementor-section-height-min-height elementor-section-boxed elementor-section-height-default elementor-section-items-middle wd-section-disabled\" data-id=\"651c5259\" data-element_type=\"section\" data-settings=\"{&quot;background_background&quot;:&quot;classic&quot;}\">\n\t\t\t\t\t\t\t<div class=\"elementor-background-overlay\"><\/div>\n\t\t\t\t\t\t\t<div class=\"elementor-container elementor-column-gap-wider\">\n\t\t\t\t\t<div class=\"elementor-column elementor-col-100 elementor-top-column elementor-element elementor-element-6bfc66d8\" data-id=\"6bfc66d8\" data-element_type=\"column\">\n\t\t\t<div class=\"elementor-widget-wrap elementor-element-populated\">\n\t\t\t\t\t\t<div class=\"elementor-element elementor-element-4acce411 elementor-widget__width-auto de_scroll_animation_no elementor-widget elementor-widget-de-breadcrumb\" data-id=\"4acce411\" data-element_type=\"widget\" data-widget_type=\"de-breadcrumb.default\">\n\t\t\t\t<div class=\"elementor-widget-container\">\n\t\t\t\t\t\t\t\t<div class=\"breadcrumbs\">\n\t\t\t\t<a href=\"https:\/\/acuradon.de\/en\" rel=\"nofollow\">Home<\/a>\t\t\t<\/div>\n\t\t\t\t\t\t<\/div>\n\t\t\t\t<\/div>\n\t\t\t\t\t<\/div>\n\t\t<\/div>\n\t\t\t\t\t<\/div>\n\t\t<\/section>\n\t\t\t\t<section class=\"elementor-section elementor-top-section elementor-element elementor-element-2b515f65 elementor-section-boxed elementor-section-height-default elementor-section-height-default wd-section-disabled\" data-id=\"2b515f65\" data-element_type=\"section\">\n\t\t\t\t\t\t<div class=\"elementor-container elementor-column-gap-wider\">\n\t\t\t\t\t<div class=\"elementor-column elementor-col-33 elementor-top-column elementor-element elementor-element-28ddbe50\" data-id=\"28ddbe50\" data-element_type=\"column\">\n\t\t\t<div class=\"elementor-widget-wrap elementor-element-populated\">\n\t\t\t\t\t\t\t<link rel=\"stylesheet\" id=\"wd-int-el-animations-css\" href=\"https:\/\/acuradon.de\/wp-content\/themes\/woodmart\/css\/parts\/int-elem-el-animations.min.css?ver=7.2.4\" type=\"text\/css\" media=\"all\" \/> \t\t\t\t\t<div class=\"elementor-element elementor-element-19b47065 de_scroll_animation_no elementor-invisible elementor-widget elementor-widget-heading\" data-id=\"19b47065\" data-element_type=\"widget\" data-settings=\"{&quot;_animation&quot;:&quot;fadeInUp&quot;,&quot;_animation_delay&quot;:600}\" data-widget_type=\"heading.default\">\n\t\t\t\t<div class=\"elementor-widget-container\">\n\t\t\t\t\t<h1 class=\"elementor-heading-title elementor-size-default\">Radontherapie &amp; Reha<\/h1>\t\t\t\t<\/div>\n\t\t\t\t<\/div>\n\t\t\t\t<div class=\"elementor-element elementor-element-84a289f color-scheme-inherit text-left de_scroll_animation_no elementor-widget elementor-widget-text-editor\" data-id=\"84a289f\" data-element_type=\"widget\" data-widget_type=\"text-editor.default\">\n\t\t\t\t<div class=\"elementor-widget-container\">\n\t\t\t\t\t\t\t\t\t<p>Radon therapy is an excellent complement to an inpatient, or outpatient rehabilitation measures in the area of Bad Kreuznach. Especially by the existing expertise in the area of rheumatic, autoimmune diseases, and orthopedics radon therapy for pain relief a useful addition, the patient can easily complete in addition to your regular rehab stay.<\/p><h5>Radon therapy during rehab<\/h5><p>Contact you PRIOR to the start of their rehabilitation your rehabilitation provider and discuss with him how the radon therapy can be installed in the tight schedule of the Rehabilitation. See our opening Hours (especially in the evening and Saturday appointments, and whether they are suitable for you. Once you have received your rehab Plan, you can make the booking of radon therapy sessions to do so, click <a href=\"https:\/\/acuradon.de\/en\/buchung-radontherapie\/\">Booking of radon therapy<\/a>.<\/p><p>An Overview of the treatment and rehabilitation facilities in the room, Bad Kreuznach, you will find <a href=\"http:\/\/www.bad-kreuznach-tourist.de\/gesundheit-kur-wellness\/reha-kliniken-und-krankenhaeuser\/\" target=\"_blank\" rel=\"noopener noreferrer\">here<\/a>.<\/p><p>More Details <a href=\"https:\/\/acuradon.de\/en\/heilmittel-radon\/\" target=\"_blank\" rel=\"noopener noreferrer\">Remedies Radon<\/a>, the <a href=\"https:\/\/acuradon.de\/en\/ablauf-der-sitzungen-der-radon-schmerztherapie\/\" target=\"_blank\" rel=\"noopener noreferrer\">Course of therapy<\/a> and the <a href=\"https:\/\/acuradon.de\/en\/buchung-radontherapie\/\" target=\"_blank\" rel=\"noopener noreferrer\">Booking<\/a> you can find on our Website.<\/p>\t\t\t\t\t\t\t\t<\/div>\n\t\t\t\t<\/div>\n\t\t\t\t\t<\/div>\n\t\t<\/div>\n\t\t\t\t<div class=\"elementor-column elementor-col-33 elementor-top-column elementor-element elementor-element-5fbd2b1f\" data-id=\"5fbd2b1f\" data-element_type=\"column\">\n\t\t\t<div class=\"elementor-widget-wrap\">\n\t\t\t\t\t\t\t<\/div>\n\t\t<\/div>\n\t\t\t\t<div class=\"elementor-column elementor-col-33 elementor-top-column elementor-element elementor-element-1881547e\" data-id=\"1881547e\" data-element_type=\"column\">\n\t\t\t<div class=\"elementor-widget-wrap elementor-element-populated\">\n\t\t\t\t\t\t<div class=\"elementor-element elementor-element-66be0521 de_scroll_animation_no elementor-widget elementor-widget-heading\" data-id=\"66be0521\" data-element_type=\"widget\" data-widget_type=\"heading.default\">\n\t\t\t\t<div class=\"elementor-widget-container\">\n\t\t\t\t\t<h6 class=\"elementor-heading-title elementor-size-default\">So it goes<\/h6>\t\t\t\t<\/div>\n\t\t\t\t<\/div>\n\t\t\t\t<div class=\"elementor-element elementor-element-63575576 de_scroll_animation_no elementor-widget elementor-widget-video\" data-id=\"63575576\" data-element_type=\"widget\" data-settings=\"{&quot;youtube_url&quot;:&quot;https:\\\/\\\/www.youtube.com\\\/watch?v=KvvowMEfTwg&amp;t=1s&quot;,&quot;video_type&quot;:&quot;youtube&quot;,&quot;controls&quot;:&quot;yes&quot;}\" data-widget_type=\"video.default\">\n\t\t\t\t<div class=\"elementor-widget-container\">\n\t\t\t\t\t\t\t<div class=\"elementor-wrapper elementor-open-inline\">\n\t\t\t<div class=\"elementor-video\"><\/div>\t\t<\/div>\n\t\t\t\t\t\t<\/div>\n\t\t\t\t<\/div>\n\t\t\t\t\t<\/div>\n\t\t<\/div>\n\t\t\t\t\t<\/div>\n\t\t<\/section>\n\t\t\t\t<section class=\"elementor-section elementor-top-section elementor-element elementor-element-3f0e772d elementor-section-content-middle elementor-section-boxed elementor-section-height-default elementor-section-height-default wd-section-disabled\" data-id=\"3f0e772d\" data-element_type=\"section\" data-settings=\"{&quot;background_background&quot;:&quot;classic&quot;}\">\n\t\t\t\t\t\t\t<div class=\"elementor-background-overlay\"><\/div>\n\t\t\t\t\t\t\t<div class=\"elementor-container elementor-column-gap-wider\">\n\t\t\t\t\t<div class=\"elementor-column elementor-col-33 elementor-top-column elementor-element elementor-element-4daf54cd\" data-id=\"4daf54cd\" data-element_type=\"column\">\n\t\t\t<div class=\"elementor-widget-wrap\">\n\t\t\t\t\t\t\t<\/div>\n\t\t<\/div>\n\t\t\t\t<div class=\"elementor-column elementor-col-33 elementor-top-column elementor-element elementor-element-48e736c4\" data-id=\"48e736c4\" data-element_type=\"column\" data-settings=\"{&quot;background_background&quot;:&quot;classic&quot;}\">\n\t\t\t<div class=\"elementor-widget-wrap elementor-element-populated\">\n\t\t\t\t\t\t<div class=\"elementor-element elementor-element-6353eb66 elementor-widget__width-auto de_scroll_animation_no elementor-widget elementor-widget-heading\" data-id=\"6353eb66\" data-element_type=\"widget\" data-widget_type=\"heading.default\">\n\t\t\t\t<div class=\"elementor-widget-container\">\n\t\t\t\t\t<div class=\"elementor-heading-title elementor-size-default\">Pain therapy in Germany's only radon healing tunnel<\/div>\t\t\t\t<\/div>\n\t\t\t\t<\/div>\n\t\t\t\t<div class=\"elementor-element elementor-element-674afe59 de_scroll_animation_no elementor-invisible elementor-widget elementor-widget-heading\" data-id=\"674afe59\" data-element_type=\"widget\" data-settings=\"{&quot;_animation&quot;:&quot;fadeInUp&quot;}\" data-widget_type=\"heading.default\">\n\t\t\t\t<div class=\"elementor-widget-container\">\n\t\t\t\t\t<h2 class=\"elementor-heading-title elementor-size-default\">Finally Pain-Free, <br>\nthis is possible!<\/h2>\t\t\t\t<\/div>\n\t\t\t\t<\/div>\n\t\t\t\t<div class=\"elementor-element elementor-element-32c1f08f color-scheme-inherit text-left de_scroll_animation_no elementor-widget elementor-widget-text-editor\" data-id=\"32c1f08f\" data-element_type=\"widget\" data-widget_type=\"text-editor.default\">\n\t\t\t\t<div class=\"elementor-widget-container\">\n\t\t\t\t\t\t\t\t\tFor over 100 years\t\t\t\t\t\t\t\t<\/div>\n\t\t\t\t<\/div>\n\t\t\t\t<div class=\"elementor-element elementor-element-110f049a elementor-align-center de_scroll_animation_no elementor-widget elementor-widget-button\" data-id=\"110f049a\" data-element_type=\"widget\" data-widget_type=\"button.default\">\n\t\t\t\t<div class=\"elementor-widget-container\">\n\t\t\t\t\t\t\t\t\t<div class=\"elementor-button-wrapper\">\n\t\t\t\t\t<a class=\"elementor-button elementor-button-link elementor-size-md\" href=\"https:\/\/acuradon.de\/en\/ihr-weg-in-den-acuradon-radonstollen\/\">\n\t\t\t\t\t\t<span class=\"elementor-button-content-wrapper\">\n\t\t\t\t\t\t\t\t\t<span class=\"elementor-button-text\">More Information<\/span>\n\t\t\t\t\t<\/span>\n\t\t\t\t\t<\/a>\n\t\t\t\t<\/div>\n\t\t\t\t\t\t\t\t<\/div>\n\t\t\t\t<\/div>\n\t\t\t\t\t<\/div>\n\t\t<\/div>\n\t\t\t\t<div class=\"elementor-column elementor-col-33 elementor-top-column elementor-element elementor-element-6d6a65c7\" data-id=\"6d6a65c7\" data-element_type=\"column\">\n\t\t\t<div class=\"elementor-widget-wrap\">\n\t\t\t\t\t\t\t<\/div>\n\t\t<\/div>\n\t\t\t\t\t<\/div>\n\t\t<\/section>\n\t\t\t\t<section class=\"elementor-section elementor-top-section elementor-element elementor-element-20f521a2 elementor-section-boxed elementor-section-height-default elementor-section-height-default wd-section-disabled\" data-id=\"20f521a2\" data-element_type=\"section\">\n\t\t\t\t\t\t<div class=\"elementor-container elementor-column-gap-wider\">\n\t\t\t\t\t<div class=\"elementor-column elementor-col-100 elementor-top-column elementor-element elementor-element-1fe15572\" data-id=\"1fe15572\" data-element_type=\"column\">\n\t\t\t<div class=\"elementor-widget-wrap\">\n\t\t\t\t\t\t\t<\/div>\n\t\t<\/div>\n\t\t\t\t\t<\/div>\n\t\t<\/section>\n\t\t\t\t<\/div>","protected":false},"excerpt":{"rendered":"<p>Home Radontherapie &#038; Reha Die Radontherapie eignet sich hervorragend als Erg\u00e4nzung zu station\u00e4ren, teilstation\u00e4ren oder ambulanten Rehabilitationsma\u00dfnahmen im Raum Bad<\/p>","protected":false},"author":1,"featured_media":0,"parent":0,"menu_order":0,"comment_status":"closed","ping_status":"closed","template":"","meta":{"content-type":"","footnotes":""},"class_list":["post-1066","page","type-page","status-publish","hentry"],"yoast_head":"<!-- This site is optimized with the Yoast SEO plugin v24.4 - https:\/\/yoast.com\/wordpress\/plugins\/seo\/ -->\n<title>Radontherapie Reha -<\/title>\n<meta name=\"robots\" content=\"index, follow, max-snippet:-1, max-image-preview:large, max-video-preview:-1\" \/>\n<link rel=\"canonical\" href=\"https:\/\/acuradon.de\/en\/radontherapie-reha\/\" \/>\n<meta property=\"og:locale\" content=\"en_GB\" \/>\n<meta property=\"og:type\" content=\"article\" \/>\n<meta property=\"og:title\" content=\"Radontherapie Reha -\" \/>\n<meta property=\"og:description\" content=\"Home Radontherapie &#038; Reha Die Radontherapie eignet sich hervorragend als Erg\u00e4nzung zu station\u00e4ren, teilstation\u00e4ren oder ambulanten Rehabilitationsma\u00dfnahmen im Raum Bad\" \/>\n<meta property=\"og:url\" content=\"https:\/\/acuradon.de\/en\/radontherapie-reha\/\" \/>\n<meta property=\"og:site_name\" content=\"ACURADON Heilstollen\" \/>\n<meta property=\"article:publisher\" content=\"https:\/\/www.facebook.com\/radonstollen\" \/>\n<meta property=\"article:modified_time\" content=\"2021-08-19T20:33:27+00:00\" \/>\n<meta name=\"twitter:card\" content=\"summary_large_image\" \/>\n<meta name=\"twitter:site\" content=\"@ACURADON\" \/>\n<meta name=\"twitter:label1\" content=\"Estimated reading time\" \/>\n\t<meta name=\"twitter:data1\" content=\"1 minute\" \/>\n<script type=\"application\/ld+json\" class=\"yoast-schema-graph\">{\"@context\":\"https:\/\/schema.org\",\"@graph\":[{\"@type\":\"WebPage\",\"@id\":\"https:\/\/acuradon.de\/radontherapie-reha\/\",\"url\":\"https:\/\/acuradon.de\/radontherapie-reha\/\",\"name\":\"Radontherapie Reha -\",\"isPartOf\":{\"@id\":\"https:\/\/acuradon.de\/#website\"},\"datePublished\":\"2021-06-20T17:06:42+00:00\",\"dateModified\":\"2021-08-19T20:33:27+00:00\",\"inLanguage\":\"en-GB\",\"potentialAction\":[{\"@type\":\"ReadAction\",\"target\":[\"https:\/\/acuradon.de\/radontherapie-reha\/\"]}]},{\"@type\":\"WebSite\",\"@id\":\"https:\/\/acuradon.de\/#website\",\"url\":\"https:\/\/acuradon.de\/\",\"name\":\"ACURADON Heilstollen\",\"description\":\"\",\"potentialAction\":[{\"@type\":\"SearchAction\",\"target\":{\"@type\":\"EntryPoint\",\"urlTemplate\":\"https:\/\/acuradon.de\/?s={search_term_string}\"},\"query-input\":{\"@type\":\"PropertyValueSpecification\",\"valueRequired\":true,\"valueName\":\"search_term_string\"}}],\"inLanguage\":\"en-GB\"}]}<\/script>\n<!-- \/ Yoast SEO plugin. -->","yoast_head_json":{"title":"Radontherapie Reha -","robots":{"index":"index","follow":"follow","max-snippet":"max-snippet:-1","max-image-preview":"max-image-preview:large","max-video-preview":"max-video-preview:-1"},"canonical":"https:\/\/acuradon.de\/en\/radontherapie-reha\/","og_locale":"en_GB","og_type":"article","og_title":"Radontherapie Reha -","og_description":"Home Radontherapie &#038; Reha Die Radontherapie eignet sich hervorragend als Erg\u00e4nzung zu station\u00e4ren, teilstation\u00e4ren oder ambulanten Rehabilitationsma\u00dfnahmen im Raum Bad","og_url":"https:\/\/acuradon.de\/en\/radontherapie-reha\/","og_site_name":"ACURADON Heilstollen","article_publisher":"https:\/\/www.facebook.com\/radonstollen","article_modified_time":"2021-08-19T20:33:27+00:00","twitter_card":"summary_large_image","twitter_site":"@ACURADON","twitter_misc":{"Estimated reading time":"1 minute"},"schema":{"@context":"https:\/\/schema.org","@graph":[{"@type":"WebPage","@id":"https:\/\/acuradon.de\/radontherapie-reha\/","url":"https:\/\/acuradon.de\/radontherapie-reha\/","name":"Radontherapie Reha -","isPartOf":{"@id":"https:\/\/acuradon.de\/#website"},"datePublished":"2021-06-20T17:06:42+00:00","dateModified":"2021-08-19T20:33:27+00:00","inLanguage":"en-GB","potentialAction":[{"@type":"ReadAction","target":["https:\/\/acuradon.de\/radontherapie-reha\/"]}]},{"@type":"WebSite","@id":"https:\/\/acuradon.de\/#website","url":"https:\/\/acuradon.de\/","name":"ACURADON Heilstollen","description":"","potentialAction":[{"@type":"SearchAction","target":{"@type":"EntryPoint","urlTemplate":"https:\/\/acuradon.de\/?s={search_term_string}"},"query-input":{"@type":"PropertyValueSpecification","valueRequired":true,"valueName":"search_term_string"}}],"inLanguage":"en-GB"}]}},"_links":{"self":[{"href":"https:\/\/acuradon.de\/en\/wp-json\/wp\/v2\/pages\/1066","targetHints":{"allow":["GET"]}}],"collection":[{"href":"https:\/\/acuradon.de\/en\/wp-json\/wp\/v2\/pages"}],"about":[{"href":"https:\/\/acuradon.de\/en\/wp-json\/wp\/v2\/types\/page"}],"author":[{"embeddable":true,"href":"https:\/\/acuradon.de\/en\/wp-json\/wp\/v2\/users\/1"}],"replies":[{"embeddable":true,"href":"https:\/\/acuradon.de\/en\/wp-json\/wp\/v2\/comments?post=1066"}],"version-history":[{"count":13,"href":"https:\/\/acuradon.de\/en\/wp-json\/wp\/v2\/pages\/1066\/revisions"}],"predecessor-version":[{"id":9543,"href":"https:\/\/acuradon.de\/en\/wp-json\/wp\/v2\/pages\/1066\/revisions\/9543"}],"wp:attachment":[{"href":"https:\/\/acuradon.de\/en\/wp-json\/wp\/v2\/media?parent=1066"}],"curies":[{"name":"wp","href":"https:\/\/api.w.org\/{rel}","templated":true}]}}