{"id":1299,"date":"2021-06-24T13:30:30","date_gmt":"2021-06-24T11:30:30","guid":{"rendered":"https:\/\/acuradon.de\/?page_id=1299"},"modified":"2021-08-19T22:35:25","modified_gmt":"2021-08-19T20:35:25","slug":"acuradon-foerderverein","status":"publish","type":"page","link":"https:\/\/acuradon.de\/en\/acuradon-foerderverein\/","title":{"rendered":"Acuradon Friends"},"content":{"rendered":"<div data-elementor-type=\"wp-page\" data-elementor-id=\"1299\" class=\"elementor elementor-1299\" data-elementor-post-type=\"page\">\n\t\t\t\t\t\t<section class=\"elementor-section elementor-top-section elementor-element elementor-element-25d65602 elementor-section-height-min-height elementor-section-boxed elementor-section-height-default elementor-section-items-middle wd-section-disabled\" data-id=\"25d65602\" data-element_type=\"section\" data-settings=\"{&quot;background_background&quot;:&quot;classic&quot;}\">\n\t\t\t\t\t\t\t<div class=\"elementor-background-overlay\"><\/div>\n\t\t\t\t\t\t\t<div class=\"elementor-container elementor-column-gap-wider\">\n\t\t\t\t\t<div class=\"elementor-column elementor-col-100 elementor-top-column elementor-element elementor-element-4dc7f38a\" data-id=\"4dc7f38a\" data-element_type=\"column\">\n\t\t\t<div class=\"elementor-widget-wrap elementor-element-populated\">\n\t\t\t\t\t\t<div class=\"elementor-element elementor-element-78f32dc4 elementor-widget__width-auto de_scroll_animation_no elementor-widget elementor-widget-de-breadcrumb\" data-id=\"78f32dc4\" data-element_type=\"widget\" data-widget_type=\"de-breadcrumb.default\">\n\t\t\t\t<div class=\"elementor-widget-container\">\n\t\t\t\t\t\t\t\t<div class=\"breadcrumbs\">\n\t\t\t\t<a href=\"https:\/\/acuradon.de\/en\" rel=\"nofollow\">Home<\/a>\t\t\t<\/div>\n\t\t\t\t\t\t<\/div>\n\t\t\t\t<\/div>\n\t\t\t\t\t<\/div>\n\t\t<\/div>\n\t\t\t\t\t<\/div>\n\t\t<\/section>\n\t\t\t\t<section class=\"elementor-section elementor-top-section elementor-element elementor-element-2afd4455 elementor-section-boxed elementor-section-height-default elementor-section-height-default wd-section-disabled\" data-id=\"2afd4455\" data-element_type=\"section\">\n\t\t\t\t\t\t<div class=\"elementor-container elementor-column-gap-wider\">\n\t\t\t\t\t<div class=\"elementor-column elementor-col-33 elementor-top-column elementor-element elementor-element-159b06a9\" data-id=\"159b06a9\" data-element_type=\"column\">\n\t\t\t<div class=\"elementor-widget-wrap elementor-element-populated\">\n\t\t\t\t\t\t\t<link rel=\"stylesheet\" id=\"wd-int-el-animations-css\" href=\"https:\/\/acuradon.de\/wp-content\/themes\/woodmart\/css\/parts\/int-elem-el-animations.min.css?ver=7.2.4\" type=\"text\/css\" media=\"all\" \/> \t\t\t\t\t<div class=\"elementor-element elementor-element-5c7b5716 de_scroll_animation_no elementor-invisible elementor-widget elementor-widget-heading\" data-id=\"5c7b5716\" data-element_type=\"widget\" data-settings=\"{&quot;_animation&quot;:&quot;fadeInUp&quot;,&quot;_animation_delay&quot;:600}\" data-widget_type=\"heading.default\">\n\t\t\t\t<div class=\"elementor-widget-container\">\n\t\t\t\t\t<h2 class=\"elementor-heading-title elementor-size-default\">ACURADON FRIENDS<\/h2>\t\t\t\t<\/div>\n\t\t\t\t<\/div>\n\t\t\t\t<div class=\"elementor-element elementor-element-1a6ed58 de_scroll_animation_no elementor-widget elementor-widget-image\" data-id=\"1a6ed58\" data-element_type=\"widget\" data-widget_type=\"image.default\">\n\t\t\t\t<div class=\"elementor-widget-container\">\n\t\t\t\t\t\t\t\t\t\t\t\t\t\t\t<img fetchpriority=\"high\" decoding=\"async\" width=\"1024\" height=\"614\" src=\"https:\/\/acuradon.de\/wp-content\/uploads\/2021\/06\/Acuradon-Foerderverein-Website-Mockup-1024x614-1.jpg\" class=\"attachment-large size-large wp-image-1301\" alt=\"\" srcset=\"https:\/\/acuradon.de\/wp-content\/uploads\/2021\/06\/Acuradon-Foerderverein-Website-Mockup-1024x614-1.jpg 1024w, https:\/\/acuradon.de\/wp-content\/uploads\/2021\/06\/Acuradon-Foerderverein-Website-Mockup-1024x614-1-300x180.jpg 300w, https:\/\/acuradon.de\/wp-content\/uploads\/2021\/06\/Acuradon-Foerderverein-Website-Mockup-1024x614-1-768x461.jpg 768w\" sizes=\"(max-width: 1024px) 100vw, 1024px\" \/>\t\t\t\t\t\t\t\t\t\t\t\t\t\t\t<\/div>\n\t\t\t\t<\/div>\n\t\t\t\t<div class=\"elementor-element elementor-element-7dc2a64e color-scheme-inherit text-left de_scroll_animation_no elementor-widget elementor-widget-text-editor\" data-id=\"7dc2a64e\" data-element_type=\"widget\" data-widget_type=\"text-editor.default\">\n\t\t\t\t<div class=\"elementor-widget-container\">\n\t\t\t\t\t\t\t\t\t<h4>Details soon<\/h4><p>Until the opening of the Association, you can feel the <a href=\"https:\/\/acuradon.de\/en\/corona-solidaritaetsaktion\/\">Corona solidarity action to participate, just click here<\/a><\/p>\t\t\t\t\t\t\t\t<\/div>\n\t\t\t\t<\/div>\n\t\t\t\t\t<\/div>\n\t\t<\/div>\n\t\t\t\t<div class=\"elementor-column elementor-col-33 elementor-top-column elementor-element elementor-element-19700521\" data-id=\"19700521\" data-element_type=\"column\">\n\t\t\t<div class=\"elementor-widget-wrap\">\n\t\t\t\t\t\t\t<\/div>\n\t\t<\/div>\n\t\t\t\t<div class=\"elementor-column elementor-col-33 elementor-top-column elementor-element elementor-element-19b41c68\" data-id=\"19b41c68\" data-element_type=\"column\">\n\t\t\t<div class=\"elementor-widget-wrap elementor-element-populated\">\n\t\t\t\t\t\t<div class=\"elementor-element elementor-element-6a79499a de_scroll_animation_no elementor-widget elementor-widget-heading\" data-id=\"6a79499a\" data-element_type=\"widget\" data-widget_type=\"heading.default\">\n\t\t\t\t<div class=\"elementor-widget-container\">\n\t\t\t\t\t<h6 class=\"elementor-heading-title elementor-size-default\">So it goes<\/h6>\t\t\t\t<\/div>\n\t\t\t\t<\/div>\n\t\t\t\t<div class=\"elementor-element elementor-element-7c7bb22c de_scroll_animation_no elementor-widget elementor-widget-video\" data-id=\"7c7bb22c\" data-element_type=\"widget\" data-settings=\"{&quot;youtube_url&quot;:&quot;https:\\\/\\\/www.youtube.com\\\/watch?v=KvvowMEfTwg&amp;t=1s&quot;,&quot;video_type&quot;:&quot;youtube&quot;,&quot;controls&quot;:&quot;yes&quot;}\" data-widget_type=\"video.default\">\n\t\t\t\t<div class=\"elementor-widget-container\">\n\t\t\t\t\t\t\t<div class=\"elementor-wrapper elementor-open-inline\">\n\t\t\t<div class=\"elementor-video\"><\/div>\t\t<\/div>\n\t\t\t\t\t\t<\/div>\n\t\t\t\t<\/div>\n\t\t\t\t<div class=\"elementor-element elementor-element-205dd2e4 de_scroll_animation_no elementor-widget elementor-widget-heading\" data-id=\"205dd2e4\" data-element_type=\"widget\" data-widget_type=\"heading.default\">\n\t\t\t\t<div class=\"elementor-widget-container\">\n\t\t\t\t\t<h6 class=\"elementor-heading-title elementor-size-default\">Patients report<\/h6>\t\t\t\t<\/div>\n\t\t\t\t<\/div>\n\t\t\t\t<div class=\"elementor-element elementor-element-688c4440 de_scroll_animation_no elementor-widget elementor-widget-testimonial\" data-id=\"688c4440\" data-element_type=\"widget\" data-widget_type=\"testimonial.default\">\n\t\t\t\t<div class=\"elementor-widget-container\">\n\t\t\t\t\t\t\t<div class=\"elementor-testimonial-wrapper\">\n\t\t\t\t\t\t\t<div class=\"elementor-testimonial-content\">Since 2 years I was the radon tunnel in Bad Kreuznach, due to various rheumatic complaints. The therapy works very well on my complaints, and has ensured that I have to take after 15 years of daily use of pain killers, now no more medicine. After the therapy, I'm almost a year of pain.<\/div>\n\t\t\t\n\t\t\t\t\t\t<div class=\"elementor-testimonial-meta elementor-has-image elementor-testimonial-image-position-aside\">\n\t\t\t\t<div class=\"elementor-testimonial-meta-inner\">\n\t\t\t\t\t\t\t\t\t\t\t<div class=\"elementor-testimonial-image\">\n\t\t\t\t\t\t\t<img decoding=\"async\" src=\"https:\/\/acuradon.de\/wp-content\/plugins\/elementor\/assets\/images\/placeholder.png\" title=\"\" alt=\"\" loading=\"lazy\" \/>\t\t\t\t\t\t<\/div>\n\t\t\t\t\t\n\t\t\t\t\t\t\t\t\t\t<div class=\"elementor-testimonial-details\">\n\t\t\t\t\t\t\t\t\t\t\t\t\t\t<div class=\"elementor-testimonial-name\">Bas Luiten at the 07.09.2020<\/div>\n\t\t\t\t\t\t\t\t\t\t\t\t\t\t\t\t\t\t\t\t\t\t<div class=\"elementor-testimonial-job\">Amersfoort\/Leusden, NL<\/div>\n\t\t\t\t\t\t\t\t\t\t\t\t\t<\/div>\n\t\t\t\t\t\t\t\t\t<\/div>\n\t\t\t<\/div>\n\t\t\t\t\t<\/div>\n\t\t\t\t\t\t<\/div>\n\t\t\t\t<\/div>\n\t\t\t\t\t<\/div>\n\t\t<\/div>\n\t\t\t\t\t<\/div>\n\t\t<\/section>\n\t\t\t\t<section class=\"elementor-section elementor-top-section elementor-element elementor-element-3b20b028 elementor-section-content-middle elementor-section-boxed elementor-section-height-default elementor-section-height-default wd-section-disabled\" data-id=\"3b20b028\" data-element_type=\"section\" data-settings=\"{&quot;background_background&quot;:&quot;classic&quot;}\">\n\t\t\t\t\t\t\t<div class=\"elementor-background-overlay\"><\/div>\n\t\t\t\t\t\t\t<div class=\"elementor-container elementor-column-gap-wider\">\n\t\t\t\t\t<div class=\"elementor-column elementor-col-33 elementor-top-column elementor-element elementor-element-69a2bebb\" data-id=\"69a2bebb\" data-element_type=\"column\">\n\t\t\t<div class=\"elementor-widget-wrap\">\n\t\t\t\t\t\t\t<\/div>\n\t\t<\/div>\n\t\t\t\t<div class=\"elementor-column elementor-col-33 elementor-top-column elementor-element elementor-element-1780057f\" data-id=\"1780057f\" data-element_type=\"column\" data-settings=\"{&quot;background_background&quot;:&quot;classic&quot;}\">\n\t\t\t<div class=\"elementor-widget-wrap elementor-element-populated\">\n\t\t\t\t\t\t<div class=\"elementor-element elementor-element-19bf7388 elementor-widget__width-auto de_scroll_animation_no elementor-widget elementor-widget-heading\" data-id=\"19bf7388\" data-element_type=\"widget\" data-widget_type=\"heading.default\">\n\t\t\t\t<div class=\"elementor-widget-container\">\n\t\t\t\t\t<div class=\"elementor-heading-title elementor-size-default\">Pain therapy in Germany's only radon healing tunnel<\/div>\t\t\t\t<\/div>\n\t\t\t\t<\/div>\n\t\t\t\t<div class=\"elementor-element elementor-element-6c6b27d de_scroll_animation_no elementor-invisible elementor-widget elementor-widget-heading\" data-id=\"6c6b27d\" data-element_type=\"widget\" data-settings=\"{&quot;_animation&quot;:&quot;fadeInUp&quot;}\" data-widget_type=\"heading.default\">\n\t\t\t\t<div class=\"elementor-widget-container\">\n\t\t\t\t\t<h2 class=\"elementor-heading-title elementor-size-default\">Finally Pain-Free, <br>\nthis is possible!<\/h2>\t\t\t\t<\/div>\n\t\t\t\t<\/div>\n\t\t\t\t<div class=\"elementor-element elementor-element-53fd944b color-scheme-inherit text-left de_scroll_animation_no elementor-widget elementor-widget-text-editor\" data-id=\"53fd944b\" data-element_type=\"widget\" data-widget_type=\"text-editor.default\">\n\t\t\t\t<div class=\"elementor-widget-container\">\n\t\t\t\t\t\t\t\t\tFor over 100 years\t\t\t\t\t\t\t\t<\/div>\n\t\t\t\t<\/div>\n\t\t\t\t<div class=\"elementor-element elementor-element-23aa1c9f elementor-align-center de_scroll_animation_no elementor-widget elementor-widget-button\" data-id=\"23aa1c9f\" data-element_type=\"widget\" data-widget_type=\"button.default\">\n\t\t\t\t<div class=\"elementor-widget-container\">\n\t\t\t\t\t\t\t\t\t<div class=\"elementor-button-wrapper\">\n\t\t\t\t\t<a class=\"elementor-button elementor-button-link elementor-size-md\" href=\"https:\/\/acuradon.de\/en\/ihr-weg-in-den-acuradon-radonstollen\/\">\n\t\t\t\t\t\t<span class=\"elementor-button-content-wrapper\">\n\t\t\t\t\t\t\t\t\t<span class=\"elementor-button-text\">More Information<\/span>\n\t\t\t\t\t<\/span>\n\t\t\t\t\t<\/a>\n\t\t\t\t<\/div>\n\t\t\t\t\t\t\t\t<\/div>\n\t\t\t\t<\/div>\n\t\t\t\t\t<\/div>\n\t\t<\/div>\n\t\t\t\t<div class=\"elementor-column elementor-col-33 elementor-top-column elementor-element elementor-element-566afb22\" data-id=\"566afb22\" data-element_type=\"column\">\n\t\t\t<div class=\"elementor-widget-wrap\">\n\t\t\t\t\t\t\t<\/div>\n\t\t<\/div>\n\t\t\t\t\t<\/div>\n\t\t<\/section>\n\t\t\t\t<section class=\"elementor-section elementor-top-section elementor-element elementor-element-d3e80c7 elementor-section-boxed elementor-section-height-default elementor-section-height-default wd-section-disabled\" data-id=\"d3e80c7\" data-element_type=\"section\">\n\t\t\t\t\t\t<div class=\"elementor-container elementor-column-gap-wider\">\n\t\t\t\t\t<div class=\"elementor-column elementor-col-100 elementor-top-column elementor-element elementor-element-19d5b338\" data-id=\"19d5b338\" data-element_type=\"column\">\n\t\t\t<div class=\"elementor-widget-wrap\">\n\t\t\t\t\t\t\t<\/div>\n\t\t<\/div>\n\t\t\t\t\t<\/div>\n\t\t<\/section>\n\t\t\t\t<\/div>","protected":false},"excerpt":{"rendered":"<p>Home ACURADON F\u00d6RDERVEREIN Einzelheiten in K\u00fcrze Bis zur Er\u00f6ffnung des F\u00f6rdervereins k\u00f6nnen Sie sich gerne an der Corona-Solidarit\u00e4tsaktion beteiligen, einfach<\/p>","protected":false},"author":1,"featured_media":0,"parent":0,"menu_order":0,"comment_status":"closed","ping_status":"closed","template":"","meta":{"content-type":"","footnotes":""},"class_list":["post-1299","page","type-page","status-publish","hentry"],"yoast_head":"<!-- This site is optimized with the Yoast SEO plugin v24.4 - https:\/\/yoast.com\/wordpress\/plugins\/seo\/ -->\n<title>Acuradon F\u00f6rderverein -<\/title>\n<meta name=\"robots\" content=\"index, follow, max-snippet:-1, max-image-preview:large, max-video-preview:-1\" \/>\n<link rel=\"canonical\" href=\"https:\/\/acuradon.de\/en\/acuradon-foerderverein\/\" \/>\n<meta property=\"og:locale\" content=\"en_GB\" \/>\n<meta property=\"og:type\" content=\"article\" \/>\n<meta property=\"og:title\" content=\"Acuradon F\u00f6rderverein -\" \/>\n<meta property=\"og:description\" content=\"Home ACURADON F\u00d6RDERVEREIN Einzelheiten in K\u00fcrze Bis zur Er\u00f6ffnung des F\u00f6rdervereins k\u00f6nnen Sie sich gerne an der Corona-Solidarit\u00e4tsaktion beteiligen, einfach\" \/>\n<meta property=\"og:url\" content=\"https:\/\/acuradon.de\/en\/acuradon-foerderverein\/\" \/>\n<meta property=\"og:site_name\" content=\"ACURADON Heilstollen\" \/>\n<meta property=\"article:publisher\" content=\"https:\/\/www.facebook.com\/radonstollen\" \/>\n<meta property=\"article:modified_time\" content=\"2021-08-19T20:35:25+00:00\" \/>\n<meta property=\"og:image\" content=\"https:\/\/acuradon.de\/wp-content\/uploads\/2021\/06\/Acuradon-Foerderverein-Website-Mockup-1024x614-1.jpg\" \/>\n<meta name=\"twitter:card\" content=\"summary_large_image\" \/>\n<meta name=\"twitter:site\" content=\"@ACURADON\" \/>\n<meta name=\"twitter:label1\" content=\"Estimated reading time\" \/>\n\t<meta name=\"twitter:data1\" content=\"1 minute\" \/>\n<script type=\"application\/ld+json\" class=\"yoast-schema-graph\">{\"@context\":\"https:\/\/schema.org\",\"@graph\":[{\"@type\":\"WebPage\",\"@id\":\"https:\/\/acuradon.de\/acuradon-foerderverein\/\",\"url\":\"https:\/\/acuradon.de\/acuradon-foerderverein\/\",\"name\":\"Acuradon F\u00f6rderverein -\",\"isPartOf\":{\"@id\":\"https:\/\/acuradon.de\/#website\"},\"primaryImageOfPage\":{\"@id\":\"https:\/\/acuradon.de\/acuradon-foerderverein\/#primaryimage\"},\"image\":{\"@id\":\"https:\/\/acuradon.de\/acuradon-foerderverein\/#primaryimage\"},\"thumbnailUrl\":\"https:\/\/acuradon.de\/wp-content\/uploads\/2021\/06\/Acuradon-Foerderverein-Website-Mockup-1024x614-1.jpg\",\"datePublished\":\"2021-06-24T11:30:30+00:00\",\"dateModified\":\"2021-08-19T20:35:25+00:00\",\"inLanguage\":\"en-GB\",\"potentialAction\":[{\"@type\":\"ReadAction\",\"target\":[\"https:\/\/acuradon.de\/acuradon-foerderverein\/\"]}]},{\"@type\":\"ImageObject\",\"inLanguage\":\"en-GB\",\"@id\":\"https:\/\/acuradon.de\/acuradon-foerderverein\/#primaryimage\",\"url\":\"https:\/\/acuradon.de\/wp-content\/uploads\/2021\/06\/Acuradon-Foerderverein-Website-Mockup-1024x614-1.jpg\",\"contentUrl\":\"https:\/\/acuradon.de\/wp-content\/uploads\/2021\/06\/Acuradon-Foerderverein-Website-Mockup-1024x614-1.jpg\"},{\"@type\":\"WebSite\",\"@id\":\"https:\/\/acuradon.de\/#website\",\"url\":\"https:\/\/acuradon.de\/\",\"name\":\"ACURADON Heilstollen\",\"description\":\"\",\"potentialAction\":[{\"@type\":\"SearchAction\",\"target\":{\"@type\":\"EntryPoint\",\"urlTemplate\":\"https:\/\/acuradon.de\/?s={search_term_string}\"},\"query-input\":{\"@type\":\"PropertyValueSpecification\",\"valueRequired\":true,\"valueName\":\"search_term_string\"}}],\"inLanguage\":\"en-GB\"}]}<\/script>\n<!-- \/ Yoast SEO plugin. -->","yoast_head_json":{"title":"Acuradon F\u00f6rderverein -","robots":{"index":"index","follow":"follow","max-snippet":"max-snippet:-1","max-image-preview":"max-image-preview:large","max-video-preview":"max-video-preview:-1"},"canonical":"https:\/\/acuradon.de\/en\/acuradon-foerderverein\/","og_locale":"en_GB","og_type":"article","og_title":"Acuradon F\u00f6rderverein -","og_description":"Home ACURADON F\u00d6RDERVEREIN Einzelheiten in K\u00fcrze Bis zur Er\u00f6ffnung des F\u00f6rdervereins k\u00f6nnen Sie sich gerne an der Corona-Solidarit\u00e4tsaktion beteiligen, einfach","og_url":"https:\/\/acuradon.de\/en\/acuradon-foerderverein\/","og_site_name":"ACURADON Heilstollen","article_publisher":"https:\/\/www.facebook.com\/radonstollen","article_modified_time":"2021-08-19T20:35:25+00:00","og_image":[{"url":"https:\/\/acuradon.de\/wp-content\/uploads\/2021\/06\/Acuradon-Foerderverein-Website-Mockup-1024x614-1.jpg","type":"","width":"","height":""}],"twitter_card":"summary_large_image","twitter_site":"@ACURADON","twitter_misc":{"Estimated reading time":"1 minute"},"schema":{"@context":"https:\/\/schema.org","@graph":[{"@type":"WebPage","@id":"https:\/\/acuradon.de\/acuradon-foerderverein\/","url":"https:\/\/acuradon.de\/acuradon-foerderverein\/","name":"Acuradon F\u00f6rderverein -","isPartOf":{"@id":"https:\/\/acuradon.de\/#website"},"primaryImageOfPage":{"@id":"https:\/\/acuradon.de\/acuradon-foerderverein\/#primaryimage"},"image":{"@id":"https:\/\/acuradon.de\/acuradon-foerderverein\/#primaryimage"},"thumbnailUrl":"https:\/\/acuradon.de\/wp-content\/uploads\/2021\/06\/Acuradon-Foerderverein-Website-Mockup-1024x614-1.jpg","datePublished":"2021-06-24T11:30:30+00:00","dateModified":"2021-08-19T20:35:25+00:00","inLanguage":"en-GB","potentialAction":[{"@type":"ReadAction","target":["https:\/\/acuradon.de\/acuradon-foerderverein\/"]}]},{"@type":"ImageObject","inLanguage":"en-GB","@id":"https:\/\/acuradon.de\/acuradon-foerderverein\/#primaryimage","url":"https:\/\/acuradon.de\/wp-content\/uploads\/2021\/06\/Acuradon-Foerderverein-Website-Mockup-1024x614-1.jpg","contentUrl":"https:\/\/acuradon.de\/wp-content\/uploads\/2021\/06\/Acuradon-Foerderverein-Website-Mockup-1024x614-1.jpg"},{"@type":"WebSite","@id":"https:\/\/acuradon.de\/#website","url":"https:\/\/acuradon.de\/","name":"ACURADON Heilstollen","description":"","potentialAction":[{"@type":"SearchAction","target":{"@type":"EntryPoint","urlTemplate":"https:\/\/acuradon.de\/?s={search_term_string}"},"query-input":{"@type":"PropertyValueSpecification","valueRequired":true,"valueName":"search_term_string"}}],"inLanguage":"en-GB"}]}},"_links":{"self":[{"href":"https:\/\/acuradon.de\/en\/wp-json\/wp\/v2\/pages\/1299","targetHints":{"allow":["GET"]}}],"collection":[{"href":"https:\/\/acuradon.de\/en\/wp-json\/wp\/v2\/pages"}],"about":[{"href":"https:\/\/acuradon.de\/en\/wp-json\/wp\/v2\/types\/page"}],"author":[{"embeddable":true,"href":"https:\/\/acuradon.de\/en\/wp-json\/wp\/v2\/users\/1"}],"replies":[{"embeddable":true,"href":"https:\/\/acuradon.de\/en\/wp-json\/wp\/v2\/comments?post=1299"}],"version-history":[{"count":16,"href":"https:\/\/acuradon.de\/en\/wp-json\/wp\/v2\/pages\/1299\/revisions"}],"predecessor-version":[{"id":9549,"href":"https:\/\/acuradon.de\/en\/wp-json\/wp\/v2\/pages\/1299\/revisions\/9549"}],"wp:attachment":[{"href":"https:\/\/acuradon.de\/en\/wp-json\/wp\/v2\/media?parent=1299"}],"curies":[{"name":"wp","href":"https:\/\/api.w.org\/{rel}","templated":true}]}}