{"id":2164,"date":"2021-08-11T14:57:38","date_gmt":"2021-08-11T12:57:38","guid":{"rendered":"https:\/\/acuradon.de\/?page_id=2164"},"modified":"2021-08-19T23:07:23","modified_gmt":"2021-08-19T21:07:23","slug":"presse","status":"publish","type":"page","link":"https:\/\/acuradon.de\/en\/presse\/","title":{"rendered":"Press"},"content":{"rendered":"<div data-elementor-type=\"wp-page\" data-elementor-id=\"2164\" class=\"elementor elementor-2164\" data-elementor-post-type=\"page\">\n\t\t\t\t\t\t<section class=\"elementor-section elementor-top-section elementor-element elementor-element-32764070 elementor-section-height-min-height elementor-section-boxed elementor-section-height-default elementor-section-items-middle wd-section-disabled\" data-id=\"32764070\" data-element_type=\"section\" data-settings=\"{&quot;background_background&quot;:&quot;classic&quot;}\">\n\t\t\t\t\t\t\t<div class=\"elementor-background-overlay\"><\/div>\n\t\t\t\t\t\t\t<div class=\"elementor-container elementor-column-gap-wider\">\n\t\t\t\t\t<div class=\"elementor-column elementor-col-100 elementor-top-column elementor-element elementor-element-7c9e3981\" data-id=\"7c9e3981\" data-element_type=\"column\">\n\t\t\t<div class=\"elementor-widget-wrap elementor-element-populated\">\n\t\t\t\t\t\t<div class=\"elementor-element elementor-element-2276b1ad elementor-widget__width-auto de_scroll_animation_no elementor-widget elementor-widget-de-breadcrumb\" data-id=\"2276b1ad\" data-element_type=\"widget\" data-widget_type=\"de-breadcrumb.default\">\n\t\t\t\t<div class=\"elementor-widget-container\">\n\t\t\t\t\t\t\t\t<div class=\"breadcrumbs\">\n\t\t\t\t<a href=\"https:\/\/acuradon.de\/en\" rel=\"nofollow\">Home<\/a>\t\t\t<\/div>\n\t\t\t\t\t\t<\/div>\n\t\t\t\t<\/div>\n\t\t\t\t\t<link rel=\"stylesheet\" id=\"wd-int-el-animations-css\" href=\"https:\/\/acuradon.de\/wp-content\/themes\/woodmart\/css\/parts\/int-elem-el-animations.min.css?ver=7.2.4\" type=\"text\/css\" media=\"all\" \/> \t\t\t\t\t<div class=\"elementor-element elementor-element-e47598a de_scroll_animation_no elementor-invisible elementor-widget elementor-widget-heading\" data-id=\"e47598a\" data-element_type=\"widget\" data-settings=\"{&quot;_animation&quot;:&quot;fadeInUp&quot;,&quot;_animation_delay&quot;:600}\" data-widget_type=\"heading.default\">\n\t\t\t\t<div class=\"elementor-widget-container\">\n\t\t\t\t\t<h1 class=\"elementor-heading-title elementor-size-default\">Press<\/h1>\t\t\t\t<\/div>\n\t\t\t\t<\/div>\n\t\t\t\t\t<\/div>\n\t\t<\/div>\n\t\t\t\t\t<\/div>\n\t\t<\/section>\n\t\t\t\t<section class=\"elementor-section elementor-top-section elementor-element elementor-element-2e6b29d0 elementor-section-boxed elementor-section-height-default elementor-section-height-default wd-section-disabled\" data-id=\"2e6b29d0\" data-element_type=\"section\" data-settings=\"{&quot;background_background&quot;:&quot;classic&quot;}\">\n\t\t\t\t\t\t<div class=\"elementor-container elementor-column-gap-no\">\n\t\t\t\t\t<div class=\"elementor-column elementor-col-100 elementor-top-column elementor-element elementor-element-14d051d3\" data-id=\"14d051d3\" data-element_type=\"column\">\n\t\t\t<div class=\"elementor-widget-wrap elementor-element-populated\">\n\t\t\t\t\t\t<section class=\"elementor-section elementor-inner-section elementor-element elementor-element-21f85941 elementor-section-boxed elementor-section-height-default elementor-section-height-default wd-section-disabled\" data-id=\"21f85941\" data-element_type=\"section\">\n\t\t\t\t\t\t<div class=\"elementor-container elementor-column-gap-wider\">\n\t\t\t\t\t<div class=\"elementor-column elementor-col-100 elementor-inner-column elementor-element elementor-element-56d28e6a\" data-id=\"56d28e6a\" data-element_type=\"column\">\n\t\t\t<div class=\"elementor-widget-wrap\">\n\t\t\t\t\t\t\t<\/div>\n\t\t<\/div>\n\t\t\t\t\t<\/div>\n\t\t<\/section>\n\t\t\t\t<section class=\"elementor-section elementor-inner-section elementor-element elementor-element-69649109 elementor-section-boxed elementor-section-height-default elementor-section-height-default wd-section-disabled\" data-id=\"69649109\" data-element_type=\"section\">\n\t\t\t\t\t\t<div class=\"elementor-container elementor-column-gap-wider\">\n\t\t\t\t\t<div class=\"elementor-column elementor-col-100 elementor-inner-column elementor-element elementor-element-7c994efb\" data-id=\"7c994efb\" data-element_type=\"column\">\n\t\t\t<div class=\"elementor-widget-wrap elementor-element-populated\">\n\t\t\t\t\t\t<div class=\"elementor-element elementor-element-6ab3e6e2 elementor-grid-1 elementor-posts--thumbnail-left elementor-grid-tablet-2 elementor-grid-mobile-1 de_scroll_animation_no elementor-widget elementor-widget-posts\" data-id=\"6ab3e6e2\" data-element_type=\"widget\" data-settings=\"{&quot;classic_row_gap&quot;:{&quot;unit&quot;:&quot;px&quot;,&quot;size&quot;:64,&quot;sizes&quot;:[]},&quot;classic_columns&quot;:&quot;1&quot;,&quot;classic_columns_tablet&quot;:&quot;2&quot;,&quot;classic_columns_mobile&quot;:&quot;1&quot;,&quot;classic_row_gap_tablet&quot;:{&quot;unit&quot;:&quot;px&quot;,&quot;size&quot;:&quot;&quot;,&quot;sizes&quot;:[]},&quot;classic_row_gap_mobile&quot;:{&quot;unit&quot;:&quot;px&quot;,&quot;size&quot;:&quot;&quot;,&quot;sizes&quot;:[]}}\" data-widget_type=\"posts.classic\">\n\t\t\t\t<div class=\"elementor-widget-container\">\n\t\t\t\t\t\t\t<div class=\"elementor-posts-container elementor-posts elementor-posts--skin-classic elementor-grid\">\n\t\t\t\t<article class=\"elementor-post elementor-grid-item post-10222 post type-post status-publish format-standard has-post-thumbnail hentry category-news category-presse\">\n\t\t\t\t<a class=\"elementor-post__thumbnail__link\" href=\"https:\/\/acuradon.de\/en\/podcast-ueber-den-acuradon-heilstollen\/\" tabindex=\"-1\" >\n\t\t\t<div class=\"elementor-post__thumbnail\"><img fetchpriority=\"high\" decoding=\"async\" width=\"768\" height=\"432\" src=\"https:\/\/acuradon.de\/wp-content\/uploads\/2025\/06\/Foto_Podcast-768x432.jpg\" class=\"attachment-medium_large size-medium_large wp-image-10224\" alt=\"\" srcset=\"https:\/\/acuradon.de\/wp-content\/uploads\/2025\/06\/Foto_Podcast-768x432.jpg 768w, https:\/\/acuradon.de\/wp-content\/uploads\/2025\/06\/Foto_Podcast-300x169.jpg 300w, https:\/\/acuradon.de\/wp-content\/uploads\/2025\/06\/Foto_Podcast-1024x576.jpg 1024w, https:\/\/acuradon.de\/wp-content\/uploads\/2025\/06\/Foto_Podcast-1536x864.jpg 1536w, https:\/\/acuradon.de\/wp-content\/uploads\/2025\/06\/Foto_Podcast-18x10.jpg 18w, https:\/\/acuradon.de\/wp-content\/uploads\/2025\/06\/Foto_Podcast.jpg 1920w\" sizes=\"(max-width: 768px) 100vw, 768px\" \/><\/div>\n\t\t<\/a>\n\t\t\t\t<div class=\"elementor-post__text\">\n\t\t\t\t<h3 class=\"elementor-post__title\">\n\t\t\t<a href=\"https:\/\/acuradon.de\/en\/podcast-ueber-den-acuradon-heilstollen\/\" >\n\t\t\t\tPodcast \u00fcber den ACURADON Heilstollen\t\t\t<\/a>\n\t\t<\/h3>\n\t\t\t\t<div class=\"elementor-post__meta-data\">\n\t\t\t\t\t<span class=\"elementor-post-date\">\n\t\t\t24. June 2025\t\t<\/span>\n\t\t\t\t<\/div>\n\t\t\t\t<div class=\"elementor-post__excerpt\">\n\t\t\t<p>Heilung. Nat\u00fcrlich. Anders. In nur 7 Minuten erf\u00e4hrst du alles, was du \u00fcber den ACURADON Heilstollen wissen musst \u2013 kompakt,<\/p>\n\t\t<\/div>\n\t\t\n\t\t<a class=\"elementor-post__read-more\" href=\"https:\/\/acuradon.de\/en\/podcast-ueber-den-acuradon-heilstollen\/\" aria-label=\"Read more about Podcast \u00fcber den ACURADON Heilstollen\" tabindex=\"-1\" >\n\t\t\tMore Information\t\t<\/a>\n\n\t\t\t\t<\/div>\n\t\t\t\t<\/article>\n\t\t\t\t<article class=\"elementor-post elementor-grid-item post-10217 post type-post status-publish format-standard has-post-thumbnail hentry category-news category-presse category-termine\">\n\t\t\t\t<a class=\"elementor-post__thumbnail__link\" href=\"https:\/\/acuradon.de\/en\/tag-der-offenen-tuer-2025\/\" tabindex=\"-1\" >\n\t\t\t<div class=\"elementor-post__thumbnail\"><img decoding=\"async\" width=\"768\" height=\"432\" src=\"https:\/\/acuradon.de\/wp-content\/uploads\/2025\/04\/ACURADON_Tag-der-offenen-Tuer_2025-768x432.jpg\" class=\"attachment-medium_large size-medium_large wp-image-10218\" alt=\"\" srcset=\"https:\/\/acuradon.de\/wp-content\/uploads\/2025\/04\/ACURADON_Tag-der-offenen-Tuer_2025-768x432.jpg 768w, https:\/\/acuradon.de\/wp-content\/uploads\/2025\/04\/ACURADON_Tag-der-offenen-Tuer_2025-300x169.jpg 300w, https:\/\/acuradon.de\/wp-content\/uploads\/2025\/04\/ACURADON_Tag-der-offenen-Tuer_2025-1024x576.jpg 1024w, https:\/\/acuradon.de\/wp-content\/uploads\/2025\/04\/ACURADON_Tag-der-offenen-Tuer_2025-1536x864.jpg 1536w, https:\/\/acuradon.de\/wp-content\/uploads\/2025\/04\/ACURADON_Tag-der-offenen-Tuer_2025-18x10.jpg 18w, https:\/\/acuradon.de\/wp-content\/uploads\/2025\/04\/ACURADON_Tag-der-offenen-Tuer_2025.jpg 1920w\" sizes=\"(max-width: 768px) 100vw, 768px\" \/><\/div>\n\t\t<\/a>\n\t\t\t\t<div class=\"elementor-post__text\">\n\t\t\t\t<h3 class=\"elementor-post__title\">\n\t\t\t<a href=\"https:\/\/acuradon.de\/en\/tag-der-offenen-tuer-2025\/\" >\n\t\t\t\tTag der offenen T\u00fcr 2025\t\t\t<\/a>\n\t\t<\/h3>\n\t\t\t\t<div class=\"elementor-post__meta-data\">\n\t\t\t\t\t<span class=\"elementor-post-date\">\n\t\t\t30. April 2025\t\t<\/span>\n\t\t\t\t<\/div>\n\t\t\t\t<div class=\"elementor-post__excerpt\">\n\t\t\t<p>Entdecken Sie Deutschlands einzigen Radon-Heilstollen \u2013 erleben Sie nat\u00fcrliche Schmerztherapie hautnah! \ud83d\udcc5 Datum: Mittwoch, 25. Juni 2025\ud83d\udd5a Uhrzeit: 11:00 bis<\/p>\n\t\t<\/div>\n\t\t\n\t\t<a class=\"elementor-post__read-more\" href=\"https:\/\/acuradon.de\/en\/tag-der-offenen-tuer-2025\/\" aria-label=\"Read more about Tag der offenen T\u00fcr 2025\" tabindex=\"-1\" >\n\t\t\tMore Information\t\t<\/a>\n\n\t\t\t\t<\/div>\n\t\t\t\t<\/article>\n\t\t\t\t<article class=\"elementor-post elementor-grid-item post-10187 post type-post status-publish format-standard has-post-thumbnail hentry category-news category-presse\">\n\t\t\t\t<a class=\"elementor-post__thumbnail__link\" href=\"https:\/\/acuradon.de\/en\/mitbieten-und-geld-sparen-acuradon-unterstuetzt-die-spendenaktion-des-friedrichsdorfer-rotary-clubs\/\" tabindex=\"-1\" >\n\t\t\t<div class=\"elementor-post__thumbnail\"><img decoding=\"async\" width=\"768\" height=\"512\" src=\"https:\/\/acuradon.de\/wp-content\/uploads\/2023\/12\/acuradon-news-banner-rotary-fdorf-aktion-adventskalender-23-768x512.png\" class=\"attachment-medium_large size-medium_large wp-image-10188\" alt=\"\" srcset=\"https:\/\/acuradon.de\/wp-content\/uploads\/2023\/12\/acuradon-news-banner-rotary-fdorf-aktion-adventskalender-23-768x512.png 768w, https:\/\/acuradon.de\/wp-content\/uploads\/2023\/12\/acuradon-news-banner-rotary-fdorf-aktion-adventskalender-23-300x200.png 300w, https:\/\/acuradon.de\/wp-content\/uploads\/2023\/12\/acuradon-news-banner-rotary-fdorf-aktion-adventskalender-23-1024x683.png 1024w, https:\/\/acuradon.de\/wp-content\/uploads\/2023\/12\/acuradon-news-banner-rotary-fdorf-aktion-adventskalender-23-18x12.png 18w, https:\/\/acuradon.de\/wp-content\/uploads\/2023\/12\/acuradon-news-banner-rotary-fdorf-aktion-adventskalender-23.png 1320w\" sizes=\"(max-width: 768px) 100vw, 768px\" \/><\/div>\n\t\t<\/a>\n\t\t\t\t<div class=\"elementor-post__text\">\n\t\t\t\t<h3 class=\"elementor-post__title\">\n\t\t\t<a href=\"https:\/\/acuradon.de\/en\/mitbieten-und-geld-sparen-acuradon-unterstuetzt-die-spendenaktion-des-friedrichsdorfer-rotary-clubs\/\" >\n\t\t\t\tUpdate: Mitbieten und Geld sparen! ACURADON unterst\u00fctzt die Spendenaktion des Friedrichsdorfer Rotary Clubs\t\t\t<\/a>\n\t\t<\/h3>\n\t\t\t\t<div class=\"elementor-post__meta-data\">\n\t\t\t\t\t<span class=\"elementor-post-date\">\n\t\t\t1. December 2023\t\t<\/span>\n\t\t\t\t<\/div>\n\t\t\t\t<div class=\"elementor-post__excerpt\">\n\t\t\t<p>UPDATE 15.12.2023: Rotary Adventsauktion 2023 voller Erfolg, ACURADON Therapien f\u00fcr 90 % des Originalwertes versteigert, insgesamt gehen damit 628 Euro<\/p>\n\t\t<\/div>\n\t\t\n\t\t<a class=\"elementor-post__read-more\" href=\"https:\/\/acuradon.de\/en\/mitbieten-und-geld-sparen-acuradon-unterstuetzt-die-spendenaktion-des-friedrichsdorfer-rotary-clubs\/\" aria-label=\"Read more about Update: Mitbieten und Geld sparen! ACURADON unterst\u00fctzt die Spendenaktion des Friedrichsdorfer Rotary Clubs\" tabindex=\"-1\" >\n\t\t\tMore Information\t\t<\/a>\n\n\t\t\t\t<\/div>\n\t\t\t\t<\/article>\n\t\t\t\t<article class=\"elementor-post elementor-grid-item post-10129 post type-post status-publish format-standard has-post-thumbnail hentry category-news category-presse\">\n\t\t\t\t<a class=\"elementor-post__thumbnail__link\" href=\"https:\/\/acuradon.de\/en\/virtuell-durch-den-heilstollen-besuchen-sie-uns-auf-dem-rheinland-pfalz-tag-2023\/\" tabindex=\"-1\" >\n\t\t\t<div class=\"elementor-post__thumbnail\"><img loading=\"lazy\" decoding=\"async\" width=\"768\" height=\"513\" src=\"https:\/\/acuradon.de\/wp-content\/uploads\/2023\/06\/DSC03783-768x513.jpg\" class=\"attachment-medium_large size-medium_large wp-image-10150\" alt=\"\" srcset=\"https:\/\/acuradon.de\/wp-content\/uploads\/2023\/06\/DSC03783-768x513.jpg 768w, https:\/\/acuradon.de\/wp-content\/uploads\/2023\/06\/DSC03783-300x200.jpg 300w, https:\/\/acuradon.de\/wp-content\/uploads\/2023\/06\/DSC03783-1024x684.jpg 1024w, https:\/\/acuradon.de\/wp-content\/uploads\/2023\/06\/DSC03783-1536x1027.jpg 1536w, https:\/\/acuradon.de\/wp-content\/uploads\/2023\/06\/DSC03783-18x12.jpg 18w, https:\/\/acuradon.de\/wp-content\/uploads\/2023\/06\/DSC03783.jpg 1616w\" sizes=\"(max-width: 768px) 100vw, 768px\" \/><\/div>\n\t\t<\/a>\n\t\t\t\t<div class=\"elementor-post__text\">\n\t\t\t\t<h3 class=\"elementor-post__title\">\n\t\t\t<a href=\"https:\/\/acuradon.de\/en\/virtuell-durch-den-heilstollen-besuchen-sie-uns-auf-dem-rheinland-pfalz-tag-2023\/\" >\n\t\t\t\tVirtuell durch den Heilstollen &#8211; Besuchen Sie uns auf dem Rheinland-Pfalz-Tag 2023\t\t\t<\/a>\n\t\t<\/h3>\n\t\t\t\t<div class=\"elementor-post__meta-data\">\n\t\t\t\t\t<span class=\"elementor-post-date\">\n\t\t\t7. June 2023\t\t<\/span>\n\t\t\t\t<\/div>\n\t\t\t\t<div class=\"elementor-post__excerpt\">\n\t\t\t<p>Besuchen Sie uns auf dem Rheinland-Pfalz-Tag 2023 in Bad Ems. Freuen Sie sich auf drei stimmungsvolle Tage ab dem 16.<\/p>\n\t\t<\/div>\n\t\t\n\t\t<a class=\"elementor-post__read-more\" href=\"https:\/\/acuradon.de\/en\/virtuell-durch-den-heilstollen-besuchen-sie-uns-auf-dem-rheinland-pfalz-tag-2023\/\" aria-label=\"Read more about Virtuell durch den Heilstollen &#8211; Besuchen Sie uns auf dem Rheinland-Pfalz-Tag 2023\" tabindex=\"-1\" >\n\t\t\tMore Information\t\t<\/a>\n\n\t\t\t\t<\/div>\n\t\t\t\t<\/article>\n\t\t\t\t<\/div>\n\t\t\n\t\t\t\t<div class=\"e-load-more-anchor\" data-page=\"1\" data-max-page=\"8\" data-next-page=\"https:\/\/acuradon.de\/en\/wp-json\/wp\/v2\/pages\/2164\/page\/2\/\"><\/div>\n\t\t\t\t<nav class=\"elementor-pagination\" aria-label=\"Pagination\">\n\t\t\t<span class=\"page-numbers prev\">&#034;Back<\/span>\n<span aria-current=\"page\" class=\"page-numbers current\"><span class=\"elementor-screen-only\">Page<\/span>1<\/span>\n<a class=\"page-numbers\" href=\"https:\/\/acuradon.de\/en\/wp-json\/wp\/v2\/pages\/2164\/page\/2\/\"><span class=\"elementor-screen-only\">Page<\/span>2<\/a>\n<a class=\"page-numbers\" href=\"https:\/\/acuradon.de\/en\/wp-json\/wp\/v2\/pages\/2164\/page\/3\/\"><span class=\"elementor-screen-only\">Page<\/span>3<\/a>\n<a class=\"page-numbers\" href=\"https:\/\/acuradon.de\/en\/wp-json\/wp\/v2\/pages\/2164\/page\/4\/\"><span class=\"elementor-screen-only\">Page<\/span>4<\/a>\n<a class=\"page-numbers\" href=\"https:\/\/acuradon.de\/en\/wp-json\/wp\/v2\/pages\/2164\/page\/5\/\"><span class=\"elementor-screen-only\">Page<\/span>5<\/a>\n<a class=\"page-numbers next\" href=\"https:\/\/acuradon.de\/en\/wp-json\/wp\/v2\/pages\/2164\/page\/2\/\">Before &#034;<\/a>\t\t<\/nav>\n\t\t\t\t\t\t<\/div>\n\t\t\t\t<\/div>\n\t\t\t\t\t<\/div>\n\t\t<\/div>\n\t\t\t\t\t<\/div>\n\t\t<\/section>\n\t\t\t\t\t<\/div>\n\t\t<\/div>\n\t\t\t\t\t<\/div>\n\t\t<\/section>\n\t\t\t\t<\/div>","protected":false},"excerpt":{"rendered":"<p>Home Presse<\/p>","protected":false},"author":1,"featured_media":0,"parent":0,"menu_order":0,"comment_status":"closed","ping_status":"closed","template":"elementor_header_footer","meta":{"content-type":"","footnotes":""},"class_list":["post-2164","page","type-page","status-publish","hentry"],"yoast_head":"<!-- This site is optimized with the Yoast SEO plugin v24.4 - https:\/\/yoast.com\/wordpress\/plugins\/seo\/ -->\n<title>Presse -<\/title>\n<meta name=\"robots\" content=\"index, follow, max-snippet:-1, max-image-preview:large, max-video-preview:-1\" \/>\n<link rel=\"canonical\" href=\"https:\/\/acuradon.de\/en\/presse\/\" \/>\n<meta property=\"og:locale\" content=\"en_GB\" \/>\n<meta property=\"og:type\" content=\"article\" \/>\n<meta property=\"og:title\" content=\"Presse -\" \/>\n<meta property=\"og:description\" content=\"Home Presse\" \/>\n<meta property=\"og:url\" content=\"https:\/\/acuradon.de\/en\/presse\/\" \/>\n<meta property=\"og:site_name\" content=\"ACURADON Heilstollen\" \/>\n<meta property=\"article:publisher\" content=\"https:\/\/www.facebook.com\/radonstollen\" \/>\n<meta property=\"article:modified_time\" content=\"2021-08-19T21:07:23+00:00\" \/>\n<meta name=\"twitter:card\" content=\"summary_large_image\" \/>\n<meta name=\"twitter:site\" content=\"@ACURADON\" \/>\n<script type=\"application\/ld+json\" class=\"yoast-schema-graph\">{\"@context\":\"https:\/\/schema.org\",\"@graph\":[{\"@type\":\"WebPage\",\"@id\":\"https:\/\/acuradon.de\/presse\/\",\"url\":\"https:\/\/acuradon.de\/presse\/\",\"name\":\"Presse -\",\"isPartOf\":{\"@id\":\"https:\/\/acuradon.de\/#website\"},\"datePublished\":\"2021-08-11T12:57:38+00:00\",\"dateModified\":\"2021-08-19T21:07:23+00:00\",\"inLanguage\":\"en-GB\",\"potentialAction\":[{\"@type\":\"ReadAction\",\"target\":[\"https:\/\/acuradon.de\/presse\/\"]}]},{\"@type\":\"WebSite\",\"@id\":\"https:\/\/acuradon.de\/#website\",\"url\":\"https:\/\/acuradon.de\/\",\"name\":\"ACURADON Heilstollen\",\"description\":\"\",\"potentialAction\":[{\"@type\":\"SearchAction\",\"target\":{\"@type\":\"EntryPoint\",\"urlTemplate\":\"https:\/\/acuradon.de\/?s={search_term_string}\"},\"query-input\":{\"@type\":\"PropertyValueSpecification\",\"valueRequired\":true,\"valueName\":\"search_term_string\"}}],\"inLanguage\":\"en-GB\"}]}<\/script>\n<!-- \/ Yoast SEO plugin. -->","yoast_head_json":{"title":"Presse -","robots":{"index":"index","follow":"follow","max-snippet":"max-snippet:-1","max-image-preview":"max-image-preview:large","max-video-preview":"max-video-preview:-1"},"canonical":"https:\/\/acuradon.de\/en\/presse\/","og_locale":"en_GB","og_type":"article","og_title":"Presse -","og_description":"Home Presse","og_url":"https:\/\/acuradon.de\/en\/presse\/","og_site_name":"ACURADON Heilstollen","article_publisher":"https:\/\/www.facebook.com\/radonstollen","article_modified_time":"2021-08-19T21:07:23+00:00","twitter_card":"summary_large_image","twitter_site":"@ACURADON","schema":{"@context":"https:\/\/schema.org","@graph":[{"@type":"WebPage","@id":"https:\/\/acuradon.de\/presse\/","url":"https:\/\/acuradon.de\/presse\/","name":"Presse -","isPartOf":{"@id":"https:\/\/acuradon.de\/#website"},"datePublished":"2021-08-11T12:57:38+00:00","dateModified":"2021-08-19T21:07:23+00:00","inLanguage":"en-GB","potentialAction":[{"@type":"ReadAction","target":["https:\/\/acuradon.de\/presse\/"]}]},{"@type":"WebSite","@id":"https:\/\/acuradon.de\/#website","url":"https:\/\/acuradon.de\/","name":"ACURADON Heilstollen","description":"","potentialAction":[{"@type":"SearchAction","target":{"@type":"EntryPoint","urlTemplate":"https:\/\/acuradon.de\/?s={search_term_string}"},"query-input":{"@type":"PropertyValueSpecification","valueRequired":true,"valueName":"search_term_string"}}],"inLanguage":"en-GB"}]}},"_links":{"self":[{"href":"https:\/\/acuradon.de\/en\/wp-json\/wp\/v2\/pages\/2164","targetHints":{"allow":["GET"]}}],"collection":[{"href":"https:\/\/acuradon.de\/en\/wp-json\/wp\/v2\/pages"}],"about":[{"href":"https:\/\/acuradon.de\/en\/wp-json\/wp\/v2\/types\/page"}],"author":[{"embeddable":true,"href":"https:\/\/acuradon.de\/en\/wp-json\/wp\/v2\/users\/1"}],"replies":[{"embeddable":true,"href":"https:\/\/acuradon.de\/en\/wp-json\/wp\/v2\/comments?post=2164"}],"version-history":[{"count":13,"href":"https:\/\/acuradon.de\/en\/wp-json\/wp\/v2\/pages\/2164\/revisions"}],"predecessor-version":[{"id":9606,"href":"https:\/\/acuradon.de\/en\/wp-json\/wp\/v2\/pages\/2164\/revisions\/9606"}],"wp:attachment":[{"href":"https:\/\/acuradon.de\/en\/wp-json\/wp\/v2\/media?parent=2164"}],"curies":[{"name":"wp","href":"https:\/\/api.w.org\/{rel}","templated":true}]}}