{"id":2199,"date":"2021-08-18T14:54:13","date_gmt":"2021-08-18T12:54:13","guid":{"rendered":"https:\/\/acuradon.de\/?page_id=2199"},"modified":"2021-08-18T14:58:51","modified_gmt":"2021-08-18T12:58:51","slug":"acura-kliniken-in-bad-kreuznach-weiter-auf-erfolgskurs","status":"publish","type":"page","link":"https:\/\/acuradon.de\/en\/acura-kliniken-in-bad-kreuznach-weiter-auf-erfolgskurs\/","title":{"rendered":"ACURA Kliniken in Bad Kreuznach weiter auf Erfolgskurs"},"content":{"rendered":"<div data-elementor-type=\"wp-page\" data-elementor-id=\"2199\" class=\"elementor elementor-2199\" data-elementor-post-type=\"page\">\n\t\t\t\t\t\t<section class=\"elementor-section elementor-top-section elementor-element elementor-element-7bc126ac elementor-section-height-min-height elementor-section-boxed elementor-section-height-default elementor-section-items-middle wd-section-disabled\" data-id=\"7bc126ac\" data-element_type=\"section\" data-settings=\"{&quot;background_background&quot;:&quot;classic&quot;}\">\n\t\t\t\t\t\t\t<div class=\"elementor-background-overlay\"><\/div>\n\t\t\t\t\t\t\t<div class=\"elementor-container elementor-column-gap-wider\">\n\t\t\t\t\t<div class=\"elementor-column elementor-col-100 elementor-top-column elementor-element elementor-element-46674cef\" data-id=\"46674cef\" data-element_type=\"column\">\n\t\t\t<div class=\"elementor-widget-wrap elementor-element-populated\">\n\t\t\t\t\t\t<div class=\"elementor-element elementor-element-3a38ac13 elementor-widget__width-auto de_scroll_animation_no elementor-widget elementor-widget-de-breadcrumb\" data-id=\"3a38ac13\" data-element_type=\"widget\" data-widget_type=\"de-breadcrumb.default\">\n\t\t\t\t<div class=\"elementor-widget-container\">\n\t\t\t\t\t\t\t\t<div class=\"breadcrumbs\">\n\t\t\t\t<a href=\"https:\/\/acuradon.de\/en\" rel=\"nofollow\">Home<\/a>\t\t\t<\/div>\n\t\t\t\t\t\t<\/div>\n\t\t\t\t<\/div>\n\t\t\t\t\t<\/div>\n\t\t<\/div>\n\t\t\t\t\t<\/div>\n\t\t<\/section>\n\t\t\t\t<section class=\"elementor-section elementor-top-section elementor-element elementor-element-6887a950 elementor-section-boxed elementor-section-height-default elementor-section-height-default wd-section-disabled\" data-id=\"6887a950\" data-element_type=\"section\">\n\t\t\t\t\t\t<div class=\"elementor-container elementor-column-gap-wider\">\n\t\t\t\t\t<div class=\"elementor-column elementor-col-33 elementor-top-column elementor-element elementor-element-576833d7\" data-id=\"576833d7\" data-element_type=\"column\">\n\t\t\t<div class=\"elementor-widget-wrap elementor-element-populated\">\n\t\t\t\t\t\t\t<link rel=\"stylesheet\" id=\"wd-int-el-animations-css\" href=\"https:\/\/acuradon.de\/wp-content\/themes\/woodmart\/css\/parts\/int-elem-el-animations.min.css?ver=7.2.4\" type=\"text\/css\" media=\"all\" \/> \t\t\t\t\t<div class=\"elementor-element elementor-element-4969dcbe de_scroll_animation_no elementor-invisible elementor-widget elementor-widget-heading\" data-id=\"4969dcbe\" data-element_type=\"widget\" data-settings=\"{&quot;_animation&quot;:&quot;fadeInUp&quot;,&quot;_animation_delay&quot;:600}\" data-widget_type=\"heading.default\">\n\t\t\t\t<div class=\"elementor-widget-container\">\n\t\t\t\t\t<h1 class=\"elementor-heading-title elementor-size-default\">\nACURA Kliniken in Bad Kreuznach weiter auf Erfolgskurs\n<\/h1>\t\t\t\t<\/div>\n\t\t\t\t<\/div>\n\t\t\t\t<div class=\"elementor-element elementor-element-42b519fd color-scheme-inherit text-left de_scroll_animation_no elementor-widget elementor-widget-text-editor\" data-id=\"42b519fd\" data-element_type=\"widget\" data-widget_type=\"text-editor.default\">\n\t\t\t\t<div class=\"elementor-widget-container\">\n\t\t\t\t\t\t\t\t\t<h4>50 zus\u00e4tzliche Vollzeitmitarbeiter eingestellt<br \/>Investitionsschwerpunkt Modernisierung und Expansion<\/h4>\t\t\t\t\t\t\t\t<\/div>\n\t\t\t\t<\/div>\n\t\t\t\t<div class=\"elementor-element elementor-element-7f3a1872 color-scheme-inherit text-left de_scroll_animation_no elementor-widget elementor-widget-text-editor\" data-id=\"7f3a1872\" data-element_type=\"widget\" data-widget_type=\"text-editor.default\">\n\t\t\t\t<div class=\"elementor-widget-container\">\n\t\t\t\t\t\t\t\t\t<p><img fetchpriority=\"high\" decoding=\"async\" class=\"alignnone wp-image-2214 size-full\" src=\"https:\/\/acuradon.de\/wp-content\/uploads\/2021\/08\/ACURA-Rheuma-Akutzentrum-Bad-Kreuznach-Header-scaled.jpg\" alt=\"\" width=\"2560\" height=\"732\" srcset=\"https:\/\/acuradon.de\/wp-content\/uploads\/2021\/08\/ACURA-Rheuma-Akutzentrum-Bad-Kreuznach-Header-scaled.jpg 2560w, https:\/\/acuradon.de\/wp-content\/uploads\/2021\/08\/ACURA-Rheuma-Akutzentrum-Bad-Kreuznach-Header-300x86.jpg 300w, https:\/\/acuradon.de\/wp-content\/uploads\/2021\/08\/ACURA-Rheuma-Akutzentrum-Bad-Kreuznach-Header-1024x293.jpg 1024w, https:\/\/acuradon.de\/wp-content\/uploads\/2021\/08\/ACURA-Rheuma-Akutzentrum-Bad-Kreuznach-Header-768x220.jpg 768w, https:\/\/acuradon.de\/wp-content\/uploads\/2021\/08\/ACURA-Rheuma-Akutzentrum-Bad-Kreuznach-Header-1536x439.jpg 1536w, https:\/\/acuradon.de\/wp-content\/uploads\/2021\/08\/ACURA-Rheuma-Akutzentrum-Bad-Kreuznach-Header-2048x585.jpg 2048w\" sizes=\"(max-width: 2560px) 100vw, 2560px\" \/><\/p><p>Die mehrheitlich zur AccuMeda Holding geh\u00f6rende ACURA Kliniken Rheinland-Pfalz AG blickt nach den guten Zahlen f\u00fcr die ersten beiden Jahre nach der \u00dcbernahme des Rheumazentrums auch f\u00fcr 2015 ausgesprochen optimistisch in die Zukunft. <span id=\"more-1072\"><\/span>Anl\u00e4sslich der ordentlichen Hauptversammlung am 4. September in Bad Kreuznach erl\u00e4uterte der Vorstand die aktuellen Unternehmenszahlen und gab einen Ausblick auf die zuk\u00fcnftige Entwicklung des Klinikstandortes: \u201e<em>Insgesamt konnten die Kliniken in Bad Kreuznach in den Jahren 2013 bis 2015 seit der \u00dcbernahme durch die AccuMeda Holding GmbH den Umsatz bereits um erfreuliche 20 % steigern und wesentliche Investitionen aus Eigenmitteln finanzieren<\/em>.\u201d<\/p><p>Im laufenden Jahr setzt sich der eingeschlagene Wachstumskurs fort. Die erfreuliche Gesch\u00e4fts-entwicklung der Bad Kreuznacher ACURA Kliniken wird getragen von einem hochmotivierten und fachlich kompetenten Team, das in den vergangenen zwei Jahren deutlich verst\u00e4rkt wurde. Unter dem Dach der AccuMeda Holding konnten in den vergangenen Jahren bereits 50 zus\u00e4tzliche Vollzeitstellen geschaffen werden. Dies entspricht einer Steigerung der Mitarbeiterzahl um mehr als 30% allein am Standort Bad Kreuznach.<\/p><p>\u201e<em>Im Mittelpunkt der zuk\u00fcnftigen Wachstumsstrategie stehen die fortgesetzte Investition in die Modernisierung der Kliniken und Qualifizierung der Mitarbeiter<\/em>\u201c, unterstrich Elmar H. Willebrand, gesch\u00e4ftsf\u00fchrenden Gesellschafter der AccuMeda Holding GmbH und Aufsichtsratsvorsitzender der ACURA Kliniken Rheinland-Pfalz AG. \u201c<em>Wir werden weiterhin die bedarfsorientierte Expansion des ACURA Rheuma-Akutzentrums in neue Indikationsgebiete und die Festigung der herausragenden Position der spezialisierten ACURA Karl-Aschoff-Rehabilitationsklinik in Deutschland umsetzen.<\/em>\u201c<\/p><p>Die ACURA Kliniken wollen mit ihrem au\u00dfergew\u00f6hnlich umfassenden Angebot von der Pr\u00e4vention \u00fcber die Behandlung akuter Krankheitsf\u00e4lle bis hin zur Rehabilitation und Nachsorge jedem Patienten die f\u00fcr ihn individuell optimale Behandlung bieten. Klares Ziel ist es, als Landesrheumazentrum Rheinland-Pfalz aktiv Versorgungsengp\u00e4sse bei Rheumaerkrankungen im Land abzubauen und den betroffenen Menschen einen schnellen und effektiven Zugang zu modernen ambulanten und station\u00e4ren Behandlungsoptionen zu bieten. Das Landesrheumazentrum Rheinland Pfalz wird von den Partnern ACURA und der Universit\u00e4tsmedizin Mainz gemeinsam gebildet.<\/p><p>\u201e<em>Die ACURA Kliniken sind, auch im Zusammenspiel mit dem ebenfalls von der AccuMeda betriebenen einzigen Radonstollens Deutschlands, ein Alleinstellungsmerkmal und damit wichtiger Erfolgsfaktor f\u00fcr die Gesundheitswirtschaft am Standort Bad Kreuznach\u201d,<\/em> erkl\u00e4rte Heike Kaster-Meurer, Oberb\u00fcrgermeisterin der Stadt Bad Kreuznach und zeigte sich als Mitgesellschafter angesichts der positiven Gesch\u00e4ftsentwicklung hocherfreut.<\/p>\t\t\t\t\t\t\t\t<\/div>\n\t\t\t\t<\/div>\n\t\t\t\t<div class=\"elementor-element elementor-element-6c5c4876 color-scheme-inherit text-left de_scroll_animation_no elementor-widget elementor-widget-text-editor\" data-id=\"6c5c4876\" data-element_type=\"widget\" data-widget_type=\"text-editor.default\">\n\t\t\t\t<div class=\"elementor-widget-container\">\n\t\t\t\t\t\t\t\t\t<h4>\u00dcber AccuMeda:<\/h4><p>Zu Beteiligungen der AccuMeda Gruppe z\u00e4hlen aktuell an acht Standorten vier Akut- und neun Reha-Kliniken, f\u00fcnf komplement\u00e4re medizinische Einrichtungen, zwei Ambulanz-Zentren, ein 4-Sterne-Superior Hotel sowie ein Beratungsunternehmen. \u00dcber 2.000 hochkompetente und motivierte Menschen arbeiten im Dienste der Gesundheit. Mit Alleinstellungsmerkmalen, wie dem Betrieb des einzigen deutschen Radonstollens zur Schmerztherapie oder der deutschen Marktf\u00fchrerschaft mit einem erheblichen Anteil an der station\u00e4ren rheumatologischen Versorgung vertrauen jedes Jahr mehr Menschen auf die Kompetenz einer Einrichtung der AccuMeda Gruppe.<\/p><p>N\u00e4here Informationen unter <a href=\"http:\/\/www.accumeda.com\/\">www.accumeda.com<\/a> und <a href=\"http:\/\/www.kh-acura-kliniken.com\/\">www.kh-acura-kliniken.com<\/a>.<\/p>\t\t\t\t\t\t\t\t<\/div>\n\t\t\t\t<\/div>\n\t\t\t\t\t<\/div>\n\t\t<\/div>\n\t\t\t\t<div class=\"elementor-column elementor-col-33 elementor-top-column elementor-element elementor-element-2119801d\" data-id=\"2119801d\" data-element_type=\"column\">\n\t\t\t<div class=\"elementor-widget-wrap\">\n\t\t\t\t\t\t\t<\/div>\n\t\t<\/div>\n\t\t\t\t<div class=\"elementor-column elementor-col-33 elementor-top-column elementor-element elementor-element-3247094b\" data-id=\"3247094b\" data-element_type=\"column\">\n\t\t\t<div class=\"elementor-widget-wrap elementor-element-populated\">\n\t\t\t\t\t\t<div class=\"elementor-element elementor-element-36e69841 de_scroll_animation_no elementor-widget elementor-widget-heading\" data-id=\"36e69841\" data-element_type=\"widget\" data-widget_type=\"heading.default\">\n\t\t\t\t<div class=\"elementor-widget-container\">\n\t\t\t\t\t<h6 class=\"elementor-heading-title elementor-size-default\">So it goes<\/h6>\t\t\t\t<\/div>\n\t\t\t\t<\/div>\n\t\t\t\t<div class=\"elementor-element elementor-element-4dd27dc8 de_scroll_animation_no elementor-widget elementor-widget-video\" data-id=\"4dd27dc8\" data-element_type=\"widget\" data-settings=\"{&quot;youtube_url&quot;:&quot;https:\\\/\\\/www.youtube.com\\\/watch?v=KvvowMEfTwg&amp;t=1s&quot;,&quot;video_type&quot;:&quot;youtube&quot;,&quot;controls&quot;:&quot;yes&quot;}\" data-widget_type=\"video.default\">\n\t\t\t\t<div class=\"elementor-widget-container\">\n\t\t\t\t\t\t\t<div class=\"elementor-wrapper elementor-open-inline\">\n\t\t\t<div class=\"elementor-video\"><\/div>\t\t<\/div>\n\t\t\t\t\t\t<\/div>\n\t\t\t\t<\/div>\n\t\t\t\t<div class=\"elementor-element elementor-element-2f44aeaf de_scroll_animation_no elementor-widget elementor-widget-heading\" data-id=\"2f44aeaf\" data-element_type=\"widget\" data-widget_type=\"heading.default\">\n\t\t\t\t<div class=\"elementor-widget-container\">\n\t\t\t\t\t<h6 class=\"elementor-heading-title elementor-size-default\">Patients report<\/h6>\t\t\t\t<\/div>\n\t\t\t\t<\/div>\n\t\t\t\t<div class=\"elementor-element elementor-element-72333f64 de_scroll_animation_no elementor-widget elementor-widget-testimonial\" data-id=\"72333f64\" data-element_type=\"widget\" data-widget_type=\"testimonial.default\">\n\t\t\t\t<div class=\"elementor-widget-container\">\n\t\t\t\t\t\t\t<div class=\"elementor-testimonial-wrapper\">\n\t\t\t\t\t\t\t<div class=\"elementor-testimonial-content\">I have been for some years good experience with the positive effect of radon therapy on my ailments (arthritis, Psoriasis) and in the last few years, the Radon Healing Tunnel in Bad Gastein in Austria and the Radon baths in Bad Brambach in the Vogtland met. Due to the uncomplicated use, I Kreuznach was the first time in the bathroom. And it is actually just as easy to take the therapy to the agreed date, as in the prospectus announced. No Waiting, no preparation time - it starts immediately and you spend the therapy hour in a relaxed atmosphere in the radon tunnel. The staff, especially the very friendly, helpful and understanding woman m. it should be mentioned, are very keen to accompany your stay is as comfortable as possible. In addition, the tunnel is only a few minutes walk from the hotel in the middle of the resort, right on the Hiking and Cycling trail (very well developed and signposted). I'll definitely be back. Thank You!<\/div>\n\t\t\t\n\t\t\t\t\t\t<div class=\"elementor-testimonial-meta elementor-has-image elementor-testimonial-image-position-aside\">\n\t\t\t\t<div class=\"elementor-testimonial-meta-inner\">\n\t\t\t\t\t\t\t\t\t\t\t<div class=\"elementor-testimonial-image\">\n\t\t\t\t\t\t\t<img decoding=\"async\" src=\"https:\/\/acuradon.de\/wp-content\/plugins\/elementor\/assets\/images\/placeholder.png\" title=\"\" alt=\"\" loading=\"lazy\" \/>\t\t\t\t\t\t<\/div>\n\t\t\t\t\t\n\t\t\t\t\t\t\t\t\t\t<div class=\"elementor-testimonial-details\">\n\t\t\t\t\t\t\t\t\t\t\t\t\t\t<div class=\"elementor-testimonial-name\">Gabriele Bitterlich<\/div>\n\t\t\t\t\t\t\t\t\t\t\t\t\t\t\t\t\t\t\t\t\t\t<div class=\"elementor-testimonial-job\">in June of 2021<\/div>\n\t\t\t\t\t\t\t\t\t\t\t\t\t<\/div>\n\t\t\t\t\t\t\t\t\t<\/div>\n\t\t\t<\/div>\n\t\t\t\t\t<\/div>\n\t\t\t\t\t\t<\/div>\n\t\t\t\t<\/div>\n\t\t\t\t<div class=\"elementor-element elementor-element-52adf032 de_scroll_animation_no elementor-widget elementor-widget-testimonial\" data-id=\"52adf032\" data-element_type=\"widget\" data-widget_type=\"testimonial.default\">\n\t\t\t\t<div class=\"elementor-widget-container\">\n\t\t\t\t\t\t\t<div class=\"elementor-testimonial-wrapper\">\n\t\t\t\t\t\t\t<div class=\"elementor-testimonial-content\">For 30 years, I do once a year, a radon therapy in the tunnels and I am very grateful that it exists. The pain&#039;s gone on for months, the resulting quality of life is priceless! Everyone should try it with an appropriate indication, you can&#039;t say it often enough! Easier and more efficient, you can get no relief and freedom from pain!<\/div>\n\t\t\t\n\t\t\t\t\t\t<div class=\"elementor-testimonial-meta elementor-has-image elementor-testimonial-image-position-aside\">\n\t\t\t\t<div class=\"elementor-testimonial-meta-inner\">\n\t\t\t\t\t\t\t\t\t\t\t<div class=\"elementor-testimonial-image\">\n\t\t\t\t\t\t\t<img decoding=\"async\" src=\"https:\/\/acuradon.de\/wp-content\/plugins\/elementor\/assets\/images\/placeholder.png\" title=\"\" alt=\"\" loading=\"lazy\" \/>\t\t\t\t\t\t<\/div>\n\t\t\t\t\t\n\t\t\t\t\t\t\t\t\t\t<div class=\"elementor-testimonial-details\">\n\t\t\t\t\t\t\t\t\t\t\t\t\t\t<div class=\"elementor-testimonial-name\">Angelika Krziwon on 23.10.2020<\/div>\n\t\t\t\t\t\t\t\t\t\t\t\t\t\t\t\t\t\t\t\t\t\t<div class=\"elementor-testimonial-job\">Haltern am see<\/div>\n\t\t\t\t\t\t\t\t\t\t\t\t\t<\/div>\n\t\t\t\t\t\t\t\t\t<\/div>\n\t\t\t<\/div>\n\t\t\t\t\t<\/div>\n\t\t\t\t\t\t<\/div>\n\t\t\t\t<\/div>\n\t\t\t\t\t<\/div>\n\t\t<\/div>\n\t\t\t\t\t<\/div>\n\t\t<\/section>\n\t\t\t\t<section class=\"elementor-section elementor-top-section elementor-element elementor-element-1dedccd0 elementor-section-content-middle elementor-section-boxed elementor-section-height-default elementor-section-height-default wd-section-disabled\" data-id=\"1dedccd0\" data-element_type=\"section\" data-settings=\"{&quot;background_background&quot;:&quot;classic&quot;}\">\n\t\t\t\t\t\t\t<div class=\"elementor-background-overlay\"><\/div>\n\t\t\t\t\t\t\t<div class=\"elementor-container elementor-column-gap-wider\">\n\t\t\t\t\t<div class=\"elementor-column elementor-col-33 elementor-top-column elementor-element elementor-element-2697a909\" data-id=\"2697a909\" data-element_type=\"column\">\n\t\t\t<div class=\"elementor-widget-wrap\">\n\t\t\t\t\t\t\t<\/div>\n\t\t<\/div>\n\t\t\t\t<div class=\"elementor-column elementor-col-33 elementor-top-column elementor-element elementor-element-107e1446\" data-id=\"107e1446\" data-element_type=\"column\" data-settings=\"{&quot;background_background&quot;:&quot;classic&quot;}\">\n\t\t\t<div class=\"elementor-widget-wrap elementor-element-populated\">\n\t\t\t\t\t\t<div class=\"elementor-element elementor-element-535fee1e elementor-widget__width-auto de_scroll_animation_no elementor-widget elementor-widget-heading\" data-id=\"535fee1e\" data-element_type=\"widget\" data-widget_type=\"heading.default\">\n\t\t\t\t<div class=\"elementor-widget-container\">\n\t\t\t\t\t<div class=\"elementor-heading-title elementor-size-default\">Pain therapy in Germany's only radon healing tunnel<\/div>\t\t\t\t<\/div>\n\t\t\t\t<\/div>\n\t\t\t\t<div class=\"elementor-element elementor-element-27cd080d de_scroll_animation_no elementor-invisible elementor-widget elementor-widget-heading\" data-id=\"27cd080d\" data-element_type=\"widget\" data-settings=\"{&quot;_animation&quot;:&quot;fadeInUp&quot;}\" data-widget_type=\"heading.default\">\n\t\t\t\t<div class=\"elementor-widget-container\">\n\t\t\t\t\t<h2 class=\"elementor-heading-title elementor-size-default\">Finally Pain-Free, <br>\nthis is possible!<\/h2>\t\t\t\t<\/div>\n\t\t\t\t<\/div>\n\t\t\t\t<div class=\"elementor-element elementor-element-1ad6563a color-scheme-inherit text-left de_scroll_animation_no elementor-widget elementor-widget-text-editor\" data-id=\"1ad6563a\" data-element_type=\"widget\" data-widget_type=\"text-editor.default\">\n\t\t\t\t<div class=\"elementor-widget-container\">\n\t\t\t\t\t\t\t\t\tFor over 100 years\t\t\t\t\t\t\t\t<\/div>\n\t\t\t\t<\/div>\n\t\t\t\t<div class=\"elementor-element elementor-element-6a43a752 elementor-align-center de_scroll_animation_no elementor-widget elementor-widget-button\" data-id=\"6a43a752\" data-element_type=\"widget\" data-widget_type=\"button.default\">\n\t\t\t\t<div class=\"elementor-widget-container\">\n\t\t\t\t\t\t\t\t\t<div class=\"elementor-button-wrapper\">\n\t\t\t\t\t<a class=\"elementor-button elementor-button-link elementor-size-md\" href=\"https:\/\/acuradon.de\/en\/ihr-weg-in-den-acuradon-radonstollen\/\">\n\t\t\t\t\t\t<span class=\"elementor-button-content-wrapper\">\n\t\t\t\t\t\t\t\t\t<span class=\"elementor-button-text\">More Information<\/span>\n\t\t\t\t\t<\/span>\n\t\t\t\t\t<\/a>\n\t\t\t\t<\/div>\n\t\t\t\t\t\t\t\t<\/div>\n\t\t\t\t<\/div>\n\t\t\t\t\t<\/div>\n\t\t<\/div>\n\t\t\t\t<div class=\"elementor-column elementor-col-33 elementor-top-column elementor-element elementor-element-3a735cc3\" data-id=\"3a735cc3\" data-element_type=\"column\">\n\t\t\t<div class=\"elementor-widget-wrap\">\n\t\t\t\t\t\t\t<\/div>\n\t\t<\/div>\n\t\t\t\t\t<\/div>\n\t\t<\/section>\n\t\t\t\t<section class=\"elementor-section elementor-top-section elementor-element elementor-element-7ea88bde elementor-section-boxed elementor-section-height-default elementor-section-height-default wd-section-disabled\" data-id=\"7ea88bde\" data-element_type=\"section\">\n\t\t\t\t\t\t<div class=\"elementor-container elementor-column-gap-wider\">\n\t\t\t\t\t<div class=\"elementor-column elementor-col-100 elementor-top-column elementor-element elementor-element-7a59dbc7\" data-id=\"7a59dbc7\" data-element_type=\"column\">\n\t\t\t<div class=\"elementor-widget-wrap\">\n\t\t\t\t\t\t\t<\/div>\n\t\t<\/div>\n\t\t\t\t\t<\/div>\n\t\t<\/section>\n\t\t\t\t<\/div>","protected":false},"excerpt":{"rendered":"<p>Home ACURA Kliniken in Bad Kreuznach weiter auf Erfolgskurs 50 zus\u00e4tzliche Vollzeitmitarbeiter eingestelltInvestitionsschwerpunkt Modernisierung und Expansion Die mehrheitlich zur AccuMeda<\/p>","protected":false},"author":1,"featured_media":0,"parent":0,"menu_order":0,"comment_status":"closed","ping_status":"closed","template":"","meta":{"content-type":"","footnotes":""},"class_list":["post-2199","page","type-page","status-publish","hentry"],"yoast_head":"<!-- This site is optimized with the Yoast SEO plugin v24.4 - https:\/\/yoast.com\/wordpress\/plugins\/seo\/ -->\n<title>ACURA Kliniken in Bad Kreuznach weiter auf Erfolgskurs -<\/title>\n<meta name=\"robots\" content=\"index, follow, max-snippet:-1, max-image-preview:large, max-video-preview:-1\" \/>\n<link rel=\"canonical\" href=\"https:\/\/acuradon.de\/en\/acura-kliniken-in-bad-kreuznach-weiter-auf-erfolgskurs\/\" \/>\n<meta property=\"og:locale\" content=\"en_GB\" \/>\n<meta property=\"og:type\" content=\"article\" \/>\n<meta property=\"og:title\" content=\"ACURA Kliniken in Bad Kreuznach weiter auf Erfolgskurs -\" \/>\n<meta property=\"og:description\" content=\"Home ACURA Kliniken in Bad Kreuznach weiter auf Erfolgskurs 50 zus\u00e4tzliche Vollzeitmitarbeiter eingestelltInvestitionsschwerpunkt Modernisierung und Expansion Die mehrheitlich zur AccuMeda\" \/>\n<meta property=\"og:url\" content=\"https:\/\/acuradon.de\/en\/acura-kliniken-in-bad-kreuznach-weiter-auf-erfolgskurs\/\" \/>\n<meta property=\"og:site_name\" content=\"ACURADON Heilstollen\" \/>\n<meta property=\"article:publisher\" content=\"https:\/\/www.facebook.com\/radonstollen\" \/>\n<meta property=\"article:modified_time\" content=\"2021-08-18T12:58:51+00:00\" \/>\n<meta property=\"og:image\" content=\"https:\/\/acuradon.de\/wp-content\/uploads\/2021\/08\/ACURA-Rheuma-Akutzentrum-Bad-Kreuznach-Header-scaled.jpg\" \/>\n<meta name=\"twitter:card\" content=\"summary_large_image\" \/>\n<meta name=\"twitter:site\" content=\"@ACURADON\" \/>\n<meta name=\"twitter:label1\" content=\"Estimated reading time\" \/>\n\t<meta name=\"twitter:data1\" content=\"4 minutes\" \/>\n<script type=\"application\/ld+json\" class=\"yoast-schema-graph\">{\"@context\":\"https:\/\/schema.org\",\"@graph\":[{\"@type\":\"WebPage\",\"@id\":\"https:\/\/acuradon.de\/acura-kliniken-in-bad-kreuznach-weiter-auf-erfolgskurs\/\",\"url\":\"https:\/\/acuradon.de\/acura-kliniken-in-bad-kreuznach-weiter-auf-erfolgskurs\/\",\"name\":\"ACURA Kliniken in Bad Kreuznach weiter auf Erfolgskurs -\",\"isPartOf\":{\"@id\":\"https:\/\/acuradon.de\/#website\"},\"primaryImageOfPage\":{\"@id\":\"https:\/\/acuradon.de\/acura-kliniken-in-bad-kreuznach-weiter-auf-erfolgskurs\/#primaryimage\"},\"image\":{\"@id\":\"https:\/\/acuradon.de\/acura-kliniken-in-bad-kreuznach-weiter-auf-erfolgskurs\/#primaryimage\"},\"thumbnailUrl\":\"https:\/\/acuradon.de\/wp-content\/uploads\/2021\/08\/ACURA-Rheuma-Akutzentrum-Bad-Kreuznach-Header-scaled.jpg\",\"datePublished\":\"2021-08-18T12:54:13+00:00\",\"dateModified\":\"2021-08-18T12:58:51+00:00\",\"inLanguage\":\"en-GB\",\"potentialAction\":[{\"@type\":\"ReadAction\",\"target\":[\"https:\/\/acuradon.de\/acura-kliniken-in-bad-kreuznach-weiter-auf-erfolgskurs\/\"]}]},{\"@type\":\"ImageObject\",\"inLanguage\":\"en-GB\",\"@id\":\"https:\/\/acuradon.de\/acura-kliniken-in-bad-kreuznach-weiter-auf-erfolgskurs\/#primaryimage\",\"url\":\"https:\/\/acuradon.de\/wp-content\/uploads\/2021\/08\/ACURA-Rheuma-Akutzentrum-Bad-Kreuznach-Header-scaled.jpg\",\"contentUrl\":\"https:\/\/acuradon.de\/wp-content\/uploads\/2021\/08\/ACURA-Rheuma-Akutzentrum-Bad-Kreuznach-Header-scaled.jpg\"},{\"@type\":\"WebSite\",\"@id\":\"https:\/\/acuradon.de\/#website\",\"url\":\"https:\/\/acuradon.de\/\",\"name\":\"ACURADON Heilstollen\",\"description\":\"\",\"potentialAction\":[{\"@type\":\"SearchAction\",\"target\":{\"@type\":\"EntryPoint\",\"urlTemplate\":\"https:\/\/acuradon.de\/?s={search_term_string}\"},\"query-input\":{\"@type\":\"PropertyValueSpecification\",\"valueRequired\":true,\"valueName\":\"search_term_string\"}}],\"inLanguage\":\"en-GB\"}]}<\/script>\n<!-- \/ Yoast SEO plugin. -->","yoast_head_json":{"title":"ACURA Kliniken in Bad Kreuznach weiter auf Erfolgskurs -","robots":{"index":"index","follow":"follow","max-snippet":"max-snippet:-1","max-image-preview":"max-image-preview:large","max-video-preview":"max-video-preview:-1"},"canonical":"https:\/\/acuradon.de\/en\/acura-kliniken-in-bad-kreuznach-weiter-auf-erfolgskurs\/","og_locale":"en_GB","og_type":"article","og_title":"ACURA Kliniken in Bad Kreuznach weiter auf Erfolgskurs -","og_description":"Home ACURA Kliniken in Bad Kreuznach weiter auf Erfolgskurs 50 zus\u00e4tzliche Vollzeitmitarbeiter eingestelltInvestitionsschwerpunkt Modernisierung und Expansion Die mehrheitlich zur AccuMeda","og_url":"https:\/\/acuradon.de\/en\/acura-kliniken-in-bad-kreuznach-weiter-auf-erfolgskurs\/","og_site_name":"ACURADON Heilstollen","article_publisher":"https:\/\/www.facebook.com\/radonstollen","article_modified_time":"2021-08-18T12:58:51+00:00","og_image":[{"url":"https:\/\/acuradon.de\/wp-content\/uploads\/2021\/08\/ACURA-Rheuma-Akutzentrum-Bad-Kreuznach-Header-scaled.jpg","type":"","width":"","height":""}],"twitter_card":"summary_large_image","twitter_site":"@ACURADON","twitter_misc":{"Estimated reading time":"4 minutes"},"schema":{"@context":"https:\/\/schema.org","@graph":[{"@type":"WebPage","@id":"https:\/\/acuradon.de\/acura-kliniken-in-bad-kreuznach-weiter-auf-erfolgskurs\/","url":"https:\/\/acuradon.de\/acura-kliniken-in-bad-kreuznach-weiter-auf-erfolgskurs\/","name":"ACURA Kliniken in Bad Kreuznach weiter auf Erfolgskurs -","isPartOf":{"@id":"https:\/\/acuradon.de\/#website"},"primaryImageOfPage":{"@id":"https:\/\/acuradon.de\/acura-kliniken-in-bad-kreuznach-weiter-auf-erfolgskurs\/#primaryimage"},"image":{"@id":"https:\/\/acuradon.de\/acura-kliniken-in-bad-kreuznach-weiter-auf-erfolgskurs\/#primaryimage"},"thumbnailUrl":"https:\/\/acuradon.de\/wp-content\/uploads\/2021\/08\/ACURA-Rheuma-Akutzentrum-Bad-Kreuznach-Header-scaled.jpg","datePublished":"2021-08-18T12:54:13+00:00","dateModified":"2021-08-18T12:58:51+00:00","inLanguage":"en-GB","potentialAction":[{"@type":"ReadAction","target":["https:\/\/acuradon.de\/acura-kliniken-in-bad-kreuznach-weiter-auf-erfolgskurs\/"]}]},{"@type":"ImageObject","inLanguage":"en-GB","@id":"https:\/\/acuradon.de\/acura-kliniken-in-bad-kreuznach-weiter-auf-erfolgskurs\/#primaryimage","url":"https:\/\/acuradon.de\/wp-content\/uploads\/2021\/08\/ACURA-Rheuma-Akutzentrum-Bad-Kreuznach-Header-scaled.jpg","contentUrl":"https:\/\/acuradon.de\/wp-content\/uploads\/2021\/08\/ACURA-Rheuma-Akutzentrum-Bad-Kreuznach-Header-scaled.jpg"},{"@type":"WebSite","@id":"https:\/\/acuradon.de\/#website","url":"https:\/\/acuradon.de\/","name":"ACURADON Heilstollen","description":"","potentialAction":[{"@type":"SearchAction","target":{"@type":"EntryPoint","urlTemplate":"https:\/\/acuradon.de\/?s={search_term_string}"},"query-input":{"@type":"PropertyValueSpecification","valueRequired":true,"valueName":"search_term_string"}}],"inLanguage":"en-GB"}]}},"_links":{"self":[{"href":"https:\/\/acuradon.de\/en\/wp-json\/wp\/v2\/pages\/2199","targetHints":{"allow":["GET"]}}],"collection":[{"href":"https:\/\/acuradon.de\/en\/wp-json\/wp\/v2\/pages"}],"about":[{"href":"https:\/\/acuradon.de\/en\/wp-json\/wp\/v2\/types\/page"}],"author":[{"embeddable":true,"href":"https:\/\/acuradon.de\/en\/wp-json\/wp\/v2\/users\/1"}],"replies":[{"embeddable":true,"href":"https:\/\/acuradon.de\/en\/wp-json\/wp\/v2\/comments?post=2199"}],"version-history":[{"count":13,"href":"https:\/\/acuradon.de\/en\/wp-json\/wp\/v2\/pages\/2199\/revisions"}],"predecessor-version":[{"id":2217,"href":"https:\/\/acuradon.de\/en\/wp-json\/wp\/v2\/pages\/2199\/revisions\/2217"}],"wp:attachment":[{"href":"https:\/\/acuradon.de\/en\/wp-json\/wp\/v2\/media?parent=2199"}],"curies":[{"name":"wp","href":"https:\/\/api.w.org\/{rel}","templated":true}]}}